{"id":210,"date":"2021-12-30T14:19:29","date_gmt":"2021-12-30T13:19:29","guid":{"rendered":"https:\/\/www.neu.olydorf.com\/?page_id=210"},"modified":"2025-05-27T21:56:08","modified_gmt":"2025-05-27T19:56:08","slug":"ausschusse","status":"publish","type":"page","link":"https:\/\/www.oly-dorf.de\/en\/verein\/ausschusse\/","title":{"rendered":"Committees"},"content":{"rendered":"<p>[et_pb_section fb_built=&#8221;1&#8243; fullwidth=&#8221;on&#8221; _builder_version=&#8221;4.16&#8243; _module_preset=&#8221;default&#8221; global_colors_info=&#8221;{}&#8221;][et_pb_fullwidth_header title=&#8221;Aussch\u00fcsse&#8221; _builder_version=&#8221;4.16&#8243; _module_preset=&#8221;default&#8221; title_font=&#8221;||||||||&#8221; title_text_align=&#8221;left&#8221; title_text_color=&#8221;#FFFFFF&#8221; title_font_size=&#8221;72px&#8221; background_enable_color=&#8221;off&#8221; use_background_color_gradient=&#8221;on&#8221; background_color_gradient_direction=&#8221;14deg&#8221; background_color_gradient_stops=&#8221;#5e679f 0%|rgba(255,255,255,0) 100%&#8221; background_color_gradient_overlays_image=&#8221;on&#8221; background_color_gradient_start=&#8221;#5e679f&#8221; background_color_gradient_end=&#8221;rgba(255,255,255,0)&#8221; background_image=&#8221;https:\/\/www.oly-dorf.de\/wp-content\/uploads\/2021\/12\/bungalows_sun.jpeg&#8221; child_mix_blend_mode=&#8221;darken&#8221; global_colors_info=&#8221;{}&#8221;][\/et_pb_fullwidth_header][\/et_pb_section][et_pb_section fb_built=&#8221;1&#8243; _builder_version=&#8221;4.16&#8243; _module_preset=&#8221;default&#8221; global_colors_info=&#8221;{}&#8221;][et_pb_row _builder_version=&#8221;4.16&#8243; _module_preset=&#8221;default&#8221; custom_padding=&#8221;27px|||||&#8221; global_colors_info=&#8221;{}&#8221;][et_pb_column type=&#8221;4_4&#8243; _builder_version=&#8221;4.16&#8243; _module_preset=&#8221;default&#8221; global_colors_info=&#8221;{}&#8221;][et_pb_text _builder_version=&#8221;4.27.4&#8243; _module_preset=&#8221;default&#8221; global_colors_info=&#8221;{}&#8221;]<\/p>\n<p>You want to participate in the community life in Olydorf actively? Your period of residence is at least 1\u00bd years, and you would like to earn some extra time? You want to participate in Europe's largest student self-administration and get to know student life from a different perspective?<\/p>\n<p>Then join our association, \"Studenten im Olympiazentrum e.V.\" and join one of our committees!<\/p>\n<div class=\"su-note\">\n<div class=\"su-note-inner su-u-clearfix su-u-trim\">\u00a0<\/div>\n<\/div>\n<p>[\/et_pb_text][\/et_pb_column][\/et_pb_row][et_pb_row column_structure=&#8221;1_4,3_4&#8243; _builder_version=&#8221;4.16&#8243; _module_preset=&#8221;default&#8221; global_colors_info=&#8221;{}&#8221;][et_pb_column type=&#8221;1_4&#8243; _builder_version=&#8221;4.16&#8243; _module_preset=&#8221;default&#8221; global_colors_info=&#8221;{}&#8221;][et_pb_image src=&#8221;https:\/\/www.oly-dorf.de\/wp-content\/uploads\/2025\/05\/fsk_logo.jpg&#8221; title_text=&#8221;fsk_logo&#8221; _builder_version=&#8221;4.27.4&#8243; _module_preset=&#8221;default&#8221; global_colors_info=&#8221;{}&#8221;][\/et_pb_image][\/et_pb_column][et_pb_column type=&#8221;3_4&#8243; _builder_version=&#8221;4.16&#8243; _module_preset=&#8221;default&#8221; global_colors_info=&#8221;{}&#8221;][et_pb_text _builder_version=&#8221;4.27.4&#8243; _module_preset=&#8221;default&#8221; global_colors_info=&#8221;{}&#8221;]<\/p>\n<h4>FOTO, SOCIAL MEDIA &amp; KULT (FSK): fsk@oly-dorf.de<\/h4>\n<p>Wir sind die kreative Schaltzentrale des Olydorfs und sorgen daf\u00fcr, dass kein Schnappschuss verwackelt und keine spannende Story unerz\u00e4hlt bleibt. Mit unseren Foto-Workshops bringen wir euch bei, wie ihr die Welt durch die Linse noch besser seht. Unsere Event-Fotografie sorgt daf\u00fcr, dass die besten Dorferinnerungen f\u00fcr die Ewigkeit festgehalten werden.<\/p>\n<p>Doch das ist nicht alles! Wir betreuen unsere Social-Media-Kan\u00e4le, organisieren Walking Tours durch unsere geschichtstr\u00e4chtiges Dorf und versorgen euch regelm\u00e4\u00dfig mit frischem Lesestoff: Unser Dorfbladl erscheint jedes Semester mit spannenden Artikeln rund ums Studentenleben, und unser monatlicher Newsletter h\u00e4lt Bewohner und Alumni auf dem Laufenden.<\/p>\n<p>Ob Hobbyfotograf, Social-Media-Guru, Geschichtenerz\u00e4hler oder einfach Dorf-Interessierter \u2013 wir freuen uns \u00fcber jede kreative Seele! Kommt vorbei, bringt eure Ideen mit und werdet Teil unseres Teams! Schreibt uns gerne auch eine Mail oder schaut auf unseren Instagram Seiten vorbei @fotoclub.olydorf und\u00a0@kult.olydorf.<\/p>\n<p>&nbsp;<\/p>\n<p>[\/et_pb_text][\/et_pb_column][\/et_pb_row][et_pb_row column_structure=&#8221;1_4,3_4&#8243; _builder_version=&#8221;4.16&#8243; _module_preset=&#8221;default&#8221; global_colors_info=&#8221;{}&#8221;][et_pb_column type=&#8221;1_4&#8243; _builder_version=&#8221;4.16&#8243; _module_preset=&#8221;default&#8221; global_colors_info=&#8221;{}&#8221;][et_pb_image src=&#8221;https:\/\/www.oly-dorf.de\/wp-content\/uploads\/2025\/04\/seasons_a_spring_outline-1.png&#8221; title_text=&#8221;seasons_a_spring_outline (1)&#8221; _builder_version=&#8221;4.27.4&#8243; _module_preset=&#8221;default&#8221; global_colors_info=&#8221;{}&#8221;][\/et_pb_image][\/et_pb_column][et_pb_column type=&#8221;3_4&#8243; _builder_version=&#8221;4.16&#8243; _module_preset=&#8221;default&#8221; global_colors_info=&#8221;{}&#8221;][et_pb_text _builder_version=&#8221;4.25.1&#8243; _module_preset=&#8221;default&#8221; link_option_url=&#8221;https:\/\/www.instagram.com\/gras.olydorf\/&#8221; global_colors_info=&#8221;{}&#8221;]<\/p>\n<h4>GR\u00dcNANLAGEN- UND UMWELTAUSSCHUSS (GRAS): gras@oly-dorf.de<\/h4>\n<p>Du wolltest schon immer mal wissen was dieser dubiose GRAS ist?<\/p>\n<p>Du hast dich schon immer gefragt, wo die Biom\u00fclltonnen sind?<br \/>Oder wo du B\u00c4NKE und TISCHE f\u00fcr deine n\u00e4chste Grillparty herbekommst? Dann werde Teil von unserem Team!<\/p>\n<p>Contact us via. Instagram @gras.olydorf<\/p>\n<p>&nbsp;<\/p>\n<p>[\/et_pb_text][\/et_pb_column][\/et_pb_row][et_pb_row column_structure=&#8221;1_4,3_4&#8243; _builder_version=&#8221;4.16&#8243; _module_preset=&#8221;default&#8221; global_colors_info=&#8221;{}&#8221;][et_pb_column type=&#8221;1_4&#8243; _builder_version=&#8221;4.16&#8243; _module_preset=&#8221;default&#8221; global_colors_info=&#8221;{}&#8221;][et_pb_image src=&#8221;https:\/\/www.oly-dorf.de\/wp-content\/uploads\/2022\/02\/ICO.jpg&#8221; title_text=&#8221;ICO&#8221; align=&#8221;center&#8221; _builder_version=&#8221;4.27.4&#8243; _module_preset=&#8221;default&#8221; max_height=&#8221;150px&#8221; global_colors_info=&#8221;{}&#8221;][\/et_pb_image][\/et_pb_column][et_pb_column type=&#8221;3_4&#8243; _builder_version=&#8221;4.16&#8243; _module_preset=&#8221;default&#8221; global_colors_info=&#8221;{}&#8221;][et_pb_text _builder_version=&#8221;4.27.4&#8243; _module_preset=&#8221;default&#8221; global_colors_info=&#8221;{}&#8221;]<\/p>\n<h4><a href=\"https:\/\/www.facebook.com\/internationalolydorf\/\">INTERNATIONAL COMMITTEE OF OLYDORF (ICO): international@oly-dorf.de<\/a><\/h4>\n<p>Are you new, or have you been here for a while and would like to get to know a wide variety of students from different cultures? Then we are the right place for you! The ICO takes care of the integration of international students. From parties to cooking evenings to excursions - here you will find everything.<\/p>\n<p>&nbsp;<\/p>\n<p>[\/et_pb_text][\/et_pb_column][\/et_pb_row][et_pb_row column_structure=&#8221;1_4,3_4&#8243; _builder_version=&#8221;4.16&#8243; _module_preset=&#8221;default&#8221; global_colors_info=&#8221;{}&#8221;][et_pb_column type=&#8221;1_4&#8243; _builder_version=&#8221;4.16&#8243; _module_preset=&#8221;default&#8221; global_colors_info=&#8221;{}&#8221;][et_pb_image src=&#8221;https:\/\/www.oly-dorf.de\/wp-content\/uploads\/2023\/11\/OSC.jpeg&#8221; title_text=&#8221;OSC&#8221; align=&#8221;center&#8221; _builder_version=&#8221;4.25.1&#8243; _module_preset=&#8221;default&#8221; max_height=&#8221;150px&#8221; global_colors_info=&#8221;{}&#8221;][\/et_pb_image][\/et_pb_column][et_pb_column type=&#8221;3_4&#8243; _builder_version=&#8221;4.16&#8243; _module_preset=&#8221;default&#8221; global_colors_info=&#8221;{}&#8221;][et_pb_text _builder_version=&#8221;4.24.2&#8243; _module_preset=&#8221;default&#8221; custom_padding=&#8221;1px|||||&#8221; global_colors_info=&#8221;{}&#8221;]<\/p>\n<h4><span>Olynited Sportclub (OSC): osc@oly-dorf.de<\/span><\/h4>\n<p>Der OSC verwirklicht mit dir deine Olympischen Tr\u00e4ume! Unser Sportausschuss bietet dir regelm\u00e4\u00dfig<br \/>verschiedene Sportarten wie Volleyball, Spikeball oder Fu\u00dfball. Im Winter wollen wir zusammen<br \/>rodeln oder eislaufen gehen. Ihr wollt euch beteiligen und Sport im Olydorf organisieren? Kommt zu<br \/>unseren Sitzungen!<\/p>\n<p>&nbsp;<\/p>\n<p>[\/et_pb_text][\/et_pb_column][\/et_pb_row][et_pb_row column_structure=&#8221;1_4,3_4&#8243; _builder_version=&#8221;4.16&#8243; _module_preset=&#8221;default&#8221; global_colors_info=&#8221;{}&#8221;][et_pb_column type=&#8221;1_4&#8243; _builder_version=&#8221;4.16&#8243; _module_preset=&#8221;default&#8221; global_colors_info=&#8221;{}&#8221;][et_pb_image src=&#8221;https:\/\/www.oly-dorf.de\/wp-content\/uploads\/2022\/02\/TA.jpg&#8221; title_text=&#8221;TA&#8221; align=&#8221;center&#8221; _builder_version=&#8221;4.25.1&#8243; _module_preset=&#8221;default&#8221; max_height=&#8221;150px&#8221; global_colors_info=&#8221;{}&#8221;][\/et_pb_image][\/et_pb_column][et_pb_column type=&#8221;3_4&#8243; _builder_version=&#8221;4.16&#8243; _module_preset=&#8221;default&#8221; global_colors_info=&#8221;{}&#8221;][et_pb_text admin_label=&#8221;Text&#8221; _builder_version=&#8221;4.27.2&#8243; _module_preset=&#8221;default&#8221; global_colors_info=&#8221;{}&#8221;]<\/p>\n<h4><a href=\"https:\/\/www.facebook.com\/ToepferstubeOlydorf\/\">T\u00d6PFERAUSSCHUSS (TA): ta-fragen@oly-dorf.de<\/a><\/h4>\n<p>You are a potter or want to become one? Are you creative or well on your way to becoming one? Are you into made-by-myself or want to create unique things? Then you are right with us! You can find more info on our\u00a0<a href=\"https:\/\/www.oly-dorf.de\/en\/ta_ausschuss\/\">website<\/a>.[\/et_pb_text][\/et_pb_column][\/et_pb_row][et_pb_row column_structure=&#8221;1_4,3_4&#8243; _builder_version=&#8221;4.16&#8243; _module_preset=&#8221;default&#8221; global_colors_info=&#8221;{}&#8221;][et_pb_column type=&#8221;1_4&#8243; _builder_version=&#8221;4.16&#8243; _module_preset=&#8221;default&#8221; global_colors_info=&#8221;{}&#8221;][et_pb_image src=&#8221;https:\/\/www.oly-dorf.de\/wp-content\/uploads\/2025\/05\/va_logo.png&#8221; title_text=&#8221;va_logo&#8221; align=&#8221;center&#8221; _builder_version=&#8221;4.27.4&#8243; _module_preset=&#8221;default&#8221; max_height=&#8221;150px&#8221; hover_enabled=&#8221;0&#8243; global_colors_info=&#8221;{}&#8221; sticky_enabled=&#8221;0&#8243;][\/et_pb_image][\/et_pb_column][et_pb_column type=&#8221;3_4&#8243; _builder_version=&#8221;4.16&#8243; _module_preset=&#8221;default&#8221; global_colors_info=&#8221;{}&#8221;][et_pb_text _builder_version=&#8221;4.25.1&#8243; _module_preset=&#8221;default&#8221; global_colors_info=&#8221;{}&#8221;]<\/p>\n<h4><a href=\"https:\/\/www.facebook.com\/Veranstaltungsausschuss-221707761970652\/\">VERANSTALTUNGSAUSSCHUSS (VA): va@oly-dorf.de<\/a><\/h4>\n<p>Die Aufgabe des VAs ist es, Events f\u00fcr das Olydorf zu planen, zu bewerben und (mit)durchzuf\u00fchren. Letztes Semester war alles anders! Alternative Konzepte, neue Ideen und lustige Spieleabende. Auch die olympischen Dorspiele organisiert der VA.<\/p>\n<p>Du hast Lust neue Leute und Freunde kennenzulernen, dich in unser Gemeinschaftsleben zu integrieren und hast coole Ideen, das Dorfleben zu gestalten? Dann werde Teil unserer kleinen VA-Family!<\/p>\n<p>&nbsp;<\/p>\n<p>[\/et_pb_text][\/et_pb_column][\/et_pb_row][et_pb_row column_structure=&#8221;1_4,3_4&#8243; _builder_version=&#8221;4.17.0&#8243; _module_preset=&#8221;default&#8221; global_colors_info=&#8221;{}&#8221;][et_pb_column type=&#8221;1_4&#8243; _builder_version=&#8221;4.16&#8243; _module_preset=&#8221;default&#8221; global_colors_info=&#8221;{}&#8221;][et_pb_image src=&#8221;https:\/\/www.oly-dorf.de\/wp-content\/uploads\/2025\/05\/wa_logo.png&#8221; title_text=&#8221;wa_logo&#8221; align=&#8221;center&#8221; _builder_version=&#8221;4.27.4&#8243; _module_preset=&#8221;default&#8221; max_height=&#8221;150px&#8221; hover_enabled=&#8221;0&#8243; global_colors_info=&#8221;{}&#8221; sticky_enabled=&#8221;0&#8243;][\/et_pb_image][\/et_pb_column][et_pb_column type=&#8221;3_4&#8243; _builder_version=&#8221;4.16&#8243; _module_preset=&#8221;default&#8221; global_colors_info=&#8221;{}&#8221;][et_pb_text _builder_version=&#8221;4.25.1&#8243; _module_preset=&#8221;default&#8221; global_colors_info=&#8221;{}&#8221;]<\/p>\n<h4><a href=\"https:\/\/www.facebook.com\/Werkstattausschuss\/\">WERKSTATTAUSSCHUSS (WA): werkstatt@oly-dorf.de<\/a><\/h4>\n<p>Du hast 2 linke H\u00e4nde und kennst den Unterschied zwischen Betonbohrer und Metallbohrer nicht? Macht nichts! Wir haben das richtige Werkzeug f\u00fcr fast alle Arbeiten in und au\u00dferhalb deiner Wohnung und bringen dir den richtigen Umgang bei. Au\u00dferdem bieten wir dir die Reparatur deines Drahtesels an und haben viele praktische Erweiterungen f\u00fcr deine Studentenbude<\/p>\n<p>&nbsp;<\/p>\n<p>[\/et_pb_text][\/et_pb_column][\/et_pb_row][\/et_pb_section]<\/p>","protected":false},"excerpt":{"rendered":"<p>Du willst am Gemeinschaftsleben im Olydorf aktiv teilnehmen? Deine Wohnzeit betr\u00e4gt noch mindestens 1\u00bd Jahre und du m\u00f6chtest dir Wohnzeit dazu verdienen? Du willst bei Europas gr\u00f6\u00dfter studentischer Selbstverwaltung mitwirken und das Studentenleben von einer anderen Seite kennenlernen? Dann werde Mitglied unseres Vereins \u201eStudenten im Olympiazentrum e.V. und mach in einem unserer Aussch\u00fcsse mit! \u00a0 [&hellip;]<\/p>","protected":false},"author":8,"featured_media":0,"parent":57,"menu_order":0,"comment_status":"closed","ping_status":"closed","template":"","meta":{"give_campaign_id":0,"_et_pb_use_builder":"on","_et_pb_old_content":"","_et_gb_content_width":"","footnotes":""},"class_list":["post-210","page","type-page","status-publish","hentry"],"yoast_head":"<!-- This site is optimized with the Yoast SEO plugin v25.4 - https:\/\/yoast.com\/wordpress\/plugins\/seo\/ -->\n<title>Aussch\u00fcsse | Studenten im Olympiazentrum e.V.<\/title>\n<meta name=\"robots\" content=\"index, follow, max-snippet:-1, max-image-preview:large, max-video-preview:-1\" \/>\n<link rel=\"canonical\" href=\"https:\/\/www.oly-dorf.de\/en\/verein\/ausschusse\/\" \/>\n<meta property=\"og:locale\" content=\"en_US\" \/>\n<meta property=\"og:type\" content=\"article\" \/>\n<meta property=\"og:title\" content=\"Aussch\u00fcsse | Studenten im Olympiazentrum e.V.\" \/>\n<meta property=\"og:description\" content=\"Du willst am Gemeinschaftsleben im Olydorf aktiv teilnehmen? Deine Wohnzeit betr\u00e4gt noch mindestens 1\u00bd Jahre und du m\u00f6chtest dir Wohnzeit dazu verdienen? Du willst bei Europas gr\u00f6\u00dfter studentischer Selbstverwaltung mitwirken und das Studentenleben von einer anderen Seite kennenlernen? Dann werde Mitglied unseres Vereins \u201eStudenten im Olympiazentrum e.V. und mach in einem unserer Aussch\u00fcsse mit! \u00a0 [&hellip;]\" \/>\n<meta property=\"og:url\" content=\"https:\/\/www.oly-dorf.de\/en\/verein\/ausschusse\/\" \/>\n<meta property=\"og:site_name\" content=\"Studenten im Olympiazentrum e.V.\" \/>\n<meta property=\"article:modified_time\" content=\"2025-05-27T19:56:08+00:00\" \/>\n<meta name=\"twitter:card\" content=\"summary_large_image\" \/>\n<meta name=\"twitter:label1\" content=\"Est. reading time\" \/>\n\t<meta name=\"twitter:data1\" content=\"5 minutes\" \/>\n<script type=\"application\/ld+json\" class=\"yoast-schema-graph\">{\"@context\":\"https:\/\/schema.org\",\"@graph\":[{\"@type\":\"WebPage\",\"@id\":\"https:\/\/www.oly-dorf.de\/verein\/ausschusse\/\",\"url\":\"https:\/\/www.oly-dorf.de\/verein\/ausschusse\/\",\"name\":\"Aussch\u00fcsse | Studenten im Olympiazentrum e.V.\",\"isPartOf\":{\"@id\":\"https:\/\/www.oly-dorf.de\/#website\"},\"datePublished\":\"2021-12-30T13:19:29+00:00\",\"dateModified\":\"2025-05-27T19:56:08+00:00\",\"breadcrumb\":{\"@id\":\"https:\/\/www.oly-dorf.de\/verein\/ausschusse\/#breadcrumb\"},\"inLanguage\":\"en-US\",\"potentialAction\":[{\"@type\":\"ReadAction\",\"target\":[\"https:\/\/www.oly-dorf.de\/verein\/ausschusse\/\"]}]},{\"@type\":\"BreadcrumbList\",\"@id\":\"https:\/\/www.oly-dorf.de\/verein\/ausschusse\/#breadcrumb\",\"itemListElement\":[{\"@type\":\"ListItem\",\"position\":1,\"name\":\"Home\",\"item\":\"https:\/\/www.oly-dorf.de\/\"},{\"@type\":\"ListItem\",\"position\":2,\"name\":\"Verein\",\"item\":\"https:\/\/www.oly-dorf.de\/verein\/\"},{\"@type\":\"ListItem\",\"position\":3,\"name\":\"Aussch\u00fcsse\"}]},{\"@type\":\"WebSite\",\"@id\":\"https:\/\/www.oly-dorf.de\/#website\",\"url\":\"https:\/\/www.oly-dorf.de\/\",\"name\":\"Studenten im Olympiazentrum e.V.\",\"description\":\"\",\"publisher\":{\"@id\":\"https:\/\/www.oly-dorf.de\/#organization\"},\"potentialAction\":[{\"@type\":\"SearchAction\",\"target\":{\"@type\":\"EntryPoint\",\"urlTemplate\":\"https:\/\/www.oly-dorf.de\/?s={search_term_string}\"},\"query-input\":{\"@type\":\"PropertyValueSpecification\",\"valueRequired\":true,\"valueName\":\"search_term_string\"}}],\"inLanguage\":\"en-US\"},{\"@type\":\"Organization\",\"@id\":\"https:\/\/www.oly-dorf.de\/#organization\",\"name\":\"Olydorf\",\"url\":\"https:\/\/www.oly-dorf.de\/\",\"logo\":{\"@type\":\"ImageObject\",\"inLanguage\":\"en-US\",\"@id\":\"https:\/\/www.oly-dorf.de\/#\/schema\/logo\/image\/\",\"url\":\"https:\/\/www.oly-dorf.de\/wp-content\/uploads\/2022\/05\/Vereinslogo_1024x560.png\",\"contentUrl\":\"https:\/\/www.oly-dorf.de\/wp-content\/uploads\/2022\/05\/Vereinslogo_1024x560.png\",\"width\":1024,\"height\":560,\"caption\":\"Olydorf\"},\"image\":{\"@id\":\"https:\/\/www.oly-dorf.de\/#\/schema\/logo\/image\/\"}}]}<\/script>\n<!-- \/ Yoast SEO plugin. -->","yoast_head_json":{"title":"Aussch\u00fcsse | Studenten im Olympiazentrum e.V.","robots":{"index":"index","follow":"follow","max-snippet":"max-snippet:-1","max-image-preview":"max-image-preview:large","max-video-preview":"max-video-preview:-1"},"canonical":"https:\/\/www.oly-dorf.de\/en\/verein\/ausschusse\/","og_locale":"en_US","og_type":"article","og_title":"Aussch\u00fcsse | Studenten im Olympiazentrum e.V.","og_description":"Du willst am Gemeinschaftsleben im Olydorf aktiv teilnehmen? Deine Wohnzeit betr\u00e4gt noch mindestens 1\u00bd Jahre und du m\u00f6chtest dir Wohnzeit dazu verdienen? Du willst bei Europas gr\u00f6\u00dfter studentischer Selbstverwaltung mitwirken und das Studentenleben von einer anderen Seite kennenlernen? Dann werde Mitglied unseres Vereins \u201eStudenten im Olympiazentrum e.V. und mach in einem unserer Aussch\u00fcsse mit! \u00a0 [&hellip;]","og_url":"https:\/\/www.oly-dorf.de\/en\/verein\/ausschusse\/","og_site_name":"Studenten im Olympiazentrum e.V.","article_modified_time":"2025-05-27T19:56:08+00:00","twitter_card":"summary_large_image","twitter_misc":{"Est. reading time":"5 minutes"},"schema":{"@context":"https:\/\/schema.org","@graph":[{"@type":"WebPage","@id":"https:\/\/www.oly-dorf.de\/verein\/ausschusse\/","url":"https:\/\/www.oly-dorf.de\/verein\/ausschusse\/","name":"Aussch\u00fcsse | Studenten im Olympiazentrum e.V.","isPartOf":{"@id":"https:\/\/www.oly-dorf.de\/#website"},"datePublished":"2021-12-30T13:19:29+00:00","dateModified":"2025-05-27T19:56:08+00:00","breadcrumb":{"@id":"https:\/\/www.oly-dorf.de\/verein\/ausschusse\/#breadcrumb"},"inLanguage":"en-US","potentialAction":[{"@type":"ReadAction","target":["https:\/\/www.oly-dorf.de\/verein\/ausschusse\/"]}]},{"@type":"BreadcrumbList","@id":"https:\/\/www.oly-dorf.de\/verein\/ausschusse\/#breadcrumb","itemListElement":[{"@type":"ListItem","position":1,"name":"Home","item":"https:\/\/www.oly-dorf.de\/"},{"@type":"ListItem","position":2,"name":"Verein","item":"https:\/\/www.oly-dorf.de\/verein\/"},{"@type":"ListItem","position":3,"name":"Aussch\u00fcsse"}]},{"@type":"WebSite","@id":"https:\/\/www.oly-dorf.de\/#website","url":"https:\/\/www.oly-dorf.de\/","name":"Studenten im Olympiazentrum e.V.","description":"","publisher":{"@id":"https:\/\/www.oly-dorf.de\/#organization"},"potentialAction":[{"@type":"SearchAction","target":{"@type":"EntryPoint","urlTemplate":"https:\/\/www.oly-dorf.de\/?s={search_term_string}"},"query-input":{"@type":"PropertyValueSpecification","valueRequired":true,"valueName":"search_term_string"}}],"inLanguage":"en-US"},{"@type":"Organization","@id":"https:\/\/www.oly-dorf.de\/#organization","name":"Olydorf","url":"https:\/\/www.oly-dorf.de\/","logo":{"@type":"ImageObject","inLanguage":"en-US","@id":"https:\/\/www.oly-dorf.de\/#\/schema\/logo\/image\/","url":"https:\/\/www.oly-dorf.de\/wp-content\/uploads\/2022\/05\/Vereinslogo_1024x560.png","contentUrl":"https:\/\/www.oly-dorf.de\/wp-content\/uploads\/2022\/05\/Vereinslogo_1024x560.png","width":1024,"height":560,"caption":"Olydorf"},"image":{"@id":"https:\/\/www.oly-dorf.de\/#\/schema\/logo\/image\/"}}]}},"campaignId":"","_links":{"self":[{"href":"https:\/\/www.oly-dorf.de\/en\/wp-json\/wp\/v2\/pages\/210","targetHints":{"allow":["GET"]}}],"collection":[{"href":"https:\/\/www.oly-dorf.de\/en\/wp-json\/wp\/v2\/pages"}],"about":[{"href":"https:\/\/www.oly-dorf.de\/en\/wp-json\/wp\/v2\/types\/page"}],"author":[{"embeddable":true,"href":"https:\/\/www.oly-dorf.de\/en\/wp-json\/wp\/v2\/users\/8"}],"replies":[{"embeddable":true,"href":"https:\/\/www.oly-dorf.de\/en\/wp-json\/wp\/v2\/comments?post=210"}],"version-history":[{"count":55,"href":"https:\/\/www.oly-dorf.de\/en\/wp-json\/wp\/v2\/pages\/210\/revisions"}],"predecessor-version":[{"id":238748,"href":"https:\/\/www.oly-dorf.de\/en\/wp-json\/wp\/v2\/pages\/210\/revisions\/238748"}],"up":[{"embeddable":true,"href":"https:\/\/www.oly-dorf.de\/en\/wp-json\/wp\/v2\/pages\/57"}],"wp:attachment":[{"href":"https:\/\/www.oly-dorf.de\/en\/wp-json\/wp\/v2\/media?parent=210"}],"curies":[{"name":"wp","href":"https:\/\/api.w.org\/{rel}","templated":true}]}}