{"id":235400,"date":"2022-05-09T15:49:23","date_gmt":"2022-05-09T14:49:23","guid":{"rendered":"https:\/\/www.olydorf.com\/?page_id=235400"},"modified":"2026-04-19T15:56:58","modified_gmt":"2026-04-19T13:56:58","slug":"baenkeundbankpaten","status":"publish","type":"page","link":"https:\/\/www.oly-dorf.de\/en\/baenkeundbankpaten\/","title":{"rendered":"Rent a Bench"},"content":{"rendered":"<p>[et_pb_section fb_built=&#8221;1&#8243; fullwidth=&#8221;on&#8221; _builder_version=&#8221;4.16&#8243; _module_preset=&#8221;default&#8221; global_colors_info=&#8221;{}&#8221;][et_pb_fullwidth_header title=&#8221;B\u00e4nke und Bankpaten&#8221; _builder_version=&#8221;4.16&#8243; _module_preset=&#8221;default&#8221; title_font=&#8221;||||||||&#8221; title_text_align=&#8221;left&#8221; title_text_color=&#8221;#FFFFFF&#8221; title_font_size=&#8221;72px&#8221; background_enable_color=&#8221;off&#8221; use_background_color_gradient=&#8221;on&#8221; background_color_gradient_direction=&#8221;14deg&#8221; background_color_gradient_stops=&#8221;#5e679f 0%|rgba(255,255,255,0) 100%&#8221; background_color_gradient_overlays_image=&#8221;on&#8221; background_color_gradient_start=&#8221;#5e679f&#8221; background_color_gradient_end=&#8221;rgba(255,255,255,0)&#8221; background_image=&#8221;https:\/\/www.oly-dorf.de\/wp-content\/uploads\/2021\/12\/bungalows_sun.jpeg&#8221; child_mix_blend_mode=&#8221;darken&#8221; global_colors_info=&#8221;{}&#8221;][\/et_pb_fullwidth_header][\/et_pb_section][et_pb_section fb_built=&#8221;1&#8243; _builder_version=&#8221;4.19.4&#8243; _module_preset=&#8221;default&#8221; background_color=&#8221;#FFFFFF&#8221; global_colors_info=&#8221;{}&#8221;][et_pb_row _builder_version=&#8221;4.16&#8243; _module_preset=&#8221;default&#8221; global_colors_info=&#8221;{}&#8221;][et_pb_column type=&#8221;4_4&#8243; _builder_version=&#8221;4.16&#8243; _module_preset=&#8221;default&#8221; global_colors_info=&#8221;{}&#8221;][et_pb_text _builder_version=&#8221;4.19.4&#8243; _module_preset=&#8221;default&#8221; text_font=&#8221;|800||on|||||&#8221; text_font_size=&#8221;18px&#8221; text_text_shadow_style=&#8221;preset1&#8243; global_colors_info=&#8221;{}&#8221;]<\/p>\n<h1 style=\"text-align: center;\">Bankpaten &#8211; \u00dcbersicht f\u00fcr das Sommersemester<\/h1>\n<p>[\/et_pb_text][\/et_pb_column][\/et_pb_row][et_pb_row _builder_version=&#8221;4.19.4&#8243; _module_preset=&#8221;default&#8221; global_colors_info=&#8221;{}&#8221;][et_pb_column type=&#8221;4_4&#8243; _builder_version=&#8221;4.19.4&#8243; _module_preset=&#8221;default&#8221; global_colors_info=&#8221;{}&#8221;][et_pb_pricing_tables _builder_version=&#8221;4.19.4&#8243; _module_preset=&#8221;default&#8221; global_colors_info=&#8221;{}&#8221;][et_pb_pricing_table title=&#8221;Leihgeb\u00fchr&#8221; currency=&#8221;\u20ac&#8221; sum=&#8221;2&#8243; _builder_version=&#8221;4.19.4&#8243; _module_preset=&#8221;default&#8221; global_colors_info=&#8221;{}&#8221; sticky_transition=&#8221;on&#8221;]<\/p>\n<p>\u00a0Das Ausleihen eines Tisches und 2 B\u00e4nke kostet <strong>2 Euro<\/strong> Leihgeb\u00fchr.<\/p>\n<p>\u00a0Schreiben Sie einfach eine Nachricht an die zust\u00e4ndige Person.\u00a0<\/p>\n<p>[\/et_pb_pricing_table][et_pb_pricing_table title=&#8221;Kaution&#8221; currency=&#8221;\u20ac&#8221; sum=&#8221;50&#8243; sum_tablet=&#8221;50&#8243; sum_phone=&#8221;50&#8243; sum_last_edited=&#8221;on|phone&#8221; _builder_version=&#8221;4.19.4&#8243; _module_preset=&#8221;default&#8221; global_colors_info=&#8221;{}&#8221; sticky_transition=&#8221;on&#8221;]<\/p>\n<p>Sie m\u00fcssen <strong>Kaution von 50 Euro<\/strong> f\u00fcr das Set f\u00fcr die Dauer der Ausleihe hinterlassen.<\/p>\n<p>[\/et_pb_pricing_table][\/et_pb_pricing_tables][\/et_pb_column][\/et_pb_row][et_pb_row _builder_version=&#8221;4.19.4&#8243; _module_preset=&#8221;default&#8221; width=&#8221;70%&#8221; module_alignment=&#8221;center&#8221; custom_padding=&#8221;|0px||||&#8221; global_colors_info=&#8221;{}&#8221;][et_pb_column type=&#8221;4_4&#8243; _builder_version=&#8221;4.16&#8243; _module_preset=&#8221;default&#8221; global_colors_info=&#8221;{}&#8221;][et_pb_image title_text=&#8221;WhatsApp Image 2026-04-19 at 15.23.22&#8243; align=&#8221;center&#8221; _builder_version=&#8221;4.27.4&#8243; _module_preset=&#8221;default&#8221; width=&#8221;90.7%&#8221; custom_margin=&#8221;|-17px||||&#8221; custom_padding=&#8221;|||27px||&#8221; hover_enabled=&#8221;0&#8243; global_colors_info=&#8221;{}&#8221; src=&#8221;https:\/\/www.oly-dorf.de\/wp-content\/uploads\/2026\/04\/WhatsApp-Image-2026-04-19-at-15.23.22.jpeg&#8221; sticky_enabled=&#8221;0&#8243;][\/et_pb_image][\/et_pb_column][\/et_pb_row][\/et_pb_section][et_pb_section fb_built=&#8221;1&#8243; _builder_version=&#8221;4.19.4&#8243; _module_preset=&#8221;default&#8221; width=&#8221;100%&#8221; max_width=&#8221;100%&#8221; global_colors_info=&#8221;{}&#8221;][et_pb_row _builder_version=&#8221;4.19.4&#8243; _module_preset=&#8221;default&#8221; max_width=&#8221;100%&#8221; custom_margin=&#8221;-120px||||false|false&#8221; global_colors_info=&#8221;{}&#8221;][et_pb_column type=&#8221;4_4&#8243; _builder_version=&#8221;4.19.4&#8243; _module_preset=&#8221;default&#8221; global_colors_info=&#8221;{}&#8221;][et_pb_text _builder_version=&#8221;4.27.4&#8243; _module_preset=&#8221;default&#8221; hover_enabled=&#8221;0&#8243; global_colors_info=&#8221;{}&#8221; sticky_enabled=&#8221;0&#8243;]<\/p>\n<p>Sommersemester 2025<\/p>\n<table width=\"444\">\n<tbody>\n<tr>\n<td width=\"39\"><\/td>\n<td width=\"163\">Name<\/td>\n<td width=\"242\">E-Mail<\/td>\n<\/tr>\n<tr>\n<td>2<\/td>\n<td>Jakob Reinwald<\/td>\n<td><a href=\"mailto:bank.olydorf@icloud.com\">bank.olydorf@icloud.com<\/a><\/td>\n<\/tr>\n<tr>\n<td>3<\/td>\n<td>Johanna\u00a0<\/td>\n<td>Johanna.bux@gmail.com<\/td>\n<\/tr>\n<tr>\n<td>5<\/td>\n<td>Simon<\/td>\n<td>Simonschiessler@icloud.com<\/td>\n<\/tr>\n<tr>\n<td>6<\/td>\n<td>Amira<\/td>\n<td>Ebenamira131@gmail.com<\/td>\n<\/tr>\n<tr>\n<td>7<\/td>\n<td>Kenza<\/td>\n<td>Kenzacharfi02@gmail.com<\/td>\n<\/tr>\n<tr>\n<td>9<\/td>\n<td>Julia<\/td>\n<td>ju.pe@outlook.de<\/td>\n<\/tr>\n<\/tbody>\n<\/table>\n<p>[\/et_pb_text][\/et_pb_column][\/et_pb_row][\/et_pb_section]<\/p>","protected":false},"excerpt":{"rendered":"<p>Bankpaten &#8211; \u00dcbersicht f\u00fcr das Sommersemester\u00a0Das Ausleihen eines Tisches und 2 B\u00e4nke kostet 2 Euro Leihgeb\u00fchr. \u00a0Schreiben Sie einfach eine Nachricht an die zust\u00e4ndige Person.\u00a0Sie m\u00fcssen Kaution von 50 Euro f\u00fcr das Set f\u00fcr die Dauer der Ausleihe hinterlassen.Sommersemester 2025 Name E-Mail 2 Jakob Reinwald bank.olydorf@icloud.com 3 Johanna\u00a0 Johanna.bux@gmail.com 5 Simon Simonschiessler@icloud.com 6 Amira Ebenamira131@gmail.com [&hellip;]<\/p>","protected":false},"author":8,"featured_media":0,"parent":0,"menu_order":0,"comment_status":"closed","ping_status":"closed","template":"","meta":{"give_campaign_id":0,"_et_pb_use_builder":"on","_et_pb_old_content":"","_et_gb_content_width":"","footnotes":""},"class_list":["post-235400","page","type-page","status-publish","hentry"],"yoast_head":"<!-- This site is optimized with the Yoast SEO plugin v25.4 - https:\/\/yoast.com\/wordpress\/plugins\/seo\/ -->\n<title>B\u00e4nke und Bankpaten | Studenten im Olympiazentrum e.V.<\/title>\n<meta name=\"robots\" content=\"index, follow, max-snippet:-1, max-image-preview:large, max-video-preview:-1\" \/>\n<link rel=\"canonical\" href=\"https:\/\/www.oly-dorf.de\/en\/baenkeundbankpaten\/\" \/>\n<meta property=\"og:locale\" content=\"en_US\" \/>\n<meta property=\"og:type\" content=\"article\" \/>\n<meta property=\"og:title\" content=\"B\u00e4nke und Bankpaten | Studenten im Olympiazentrum e.V.\" \/>\n<meta property=\"og:description\" content=\"Bankpaten - \u00dcbersicht f\u00fcr das Sommersemester\u00a0Das Ausleihen eines Tisches und 2 B\u00e4nke kostet 2 Euro Leihgeb\u00fchr. \u00a0Schreiben Sie einfach eine Nachricht an die zust\u00e4ndige Person.\u00a0Sie m\u00fcssen Kaution von 50 Euro f\u00fcr das Set f\u00fcr die Dauer der Ausleihe hinterlassen.Sommersemester 2025 Name E-Mail 2 Jakob Reinwald bank.olydorf@icloud.com 3 Johanna\u00a0 Johanna.bux@gmail.com 5 Simon Simonschiessler@icloud.com 6 Amira Ebenamira131@gmail.com [&hellip;]\" \/>\n<meta property=\"og:url\" content=\"https:\/\/www.oly-dorf.de\/en\/baenkeundbankpaten\/\" \/>\n<meta property=\"og:site_name\" content=\"Studenten im Olympiazentrum e.V.\" \/>\n<meta property=\"article:modified_time\" content=\"2026-04-19T13:56:58+00:00\" \/>\n<meta name=\"twitter:card\" content=\"summary_large_image\" \/>\n<meta name=\"twitter:label1\" content=\"Est. reading time\" \/>\n\t<meta name=\"twitter:data1\" content=\"1 minute\" \/>\n<script type=\"application\/ld+json\" class=\"yoast-schema-graph\">{\"@context\":\"https:\/\/schema.org\",\"@graph\":[{\"@type\":\"WebPage\",\"@id\":\"https:\/\/www.oly-dorf.de\/baenkeundbankpaten\/\",\"url\":\"https:\/\/www.oly-dorf.de\/baenkeundbankpaten\/\",\"name\":\"B\u00e4nke und Bankpaten | Studenten im Olympiazentrum e.V.\",\"isPartOf\":{\"@id\":\"https:\/\/www.oly-dorf.de\/#website\"},\"datePublished\":\"2022-05-09T14:49:23+00:00\",\"dateModified\":\"2026-04-19T13:56:58+00:00\",\"breadcrumb\":{\"@id\":\"https:\/\/www.oly-dorf.de\/baenkeundbankpaten\/#breadcrumb\"},\"inLanguage\":\"en-US\",\"potentialAction\":[{\"@type\":\"ReadAction\",\"target\":[\"https:\/\/www.oly-dorf.de\/baenkeundbankpaten\/\"]}]},{\"@type\":\"BreadcrumbList\",\"@id\":\"https:\/\/www.oly-dorf.de\/baenkeundbankpaten\/#breadcrumb\",\"itemListElement\":[{\"@type\":\"ListItem\",\"position\":1,\"name\":\"Home\",\"item\":\"https:\/\/www.oly-dorf.de\/\"},{\"@type\":\"ListItem\",\"position\":2,\"name\":\"B\u00e4nke und Bankpaten\"}]},{\"@type\":\"WebSite\",\"@id\":\"https:\/\/www.oly-dorf.de\/#website\",\"url\":\"https:\/\/www.oly-dorf.de\/\",\"name\":\"Studenten im Olympiazentrum e.V.\",\"description\":\"\",\"publisher\":{\"@id\":\"https:\/\/www.oly-dorf.de\/#organization\"},\"potentialAction\":[{\"@type\":\"SearchAction\",\"target\":{\"@type\":\"EntryPoint\",\"urlTemplate\":\"https:\/\/www.oly-dorf.de\/?s={search_term_string}\"},\"query-input\":{\"@type\":\"PropertyValueSpecification\",\"valueRequired\":true,\"valueName\":\"search_term_string\"}}],\"inLanguage\":\"en-US\"},{\"@type\":\"Organization\",\"@id\":\"https:\/\/www.oly-dorf.de\/#organization\",\"name\":\"Olydorf\",\"url\":\"https:\/\/www.oly-dorf.de\/\",\"logo\":{\"@type\":\"ImageObject\",\"inLanguage\":\"en-US\",\"@id\":\"https:\/\/www.oly-dorf.de\/#\/schema\/logo\/image\/\",\"url\":\"https:\/\/www.oly-dorf.de\/wp-content\/uploads\/2022\/05\/Vereinslogo_1024x560.png\",\"contentUrl\":\"https:\/\/www.oly-dorf.de\/wp-content\/uploads\/2022\/05\/Vereinslogo_1024x560.png\",\"width\":1024,\"height\":560,\"caption\":\"Olydorf\"},\"image\":{\"@id\":\"https:\/\/www.oly-dorf.de\/#\/schema\/logo\/image\/\"}}]}<\/script>\n<!-- \/ Yoast SEO plugin. -->","yoast_head_json":{"title":"B\u00e4nke und Bankpaten | Studenten im Olympiazentrum e.V.","robots":{"index":"index","follow":"follow","max-snippet":"max-snippet:-1","max-image-preview":"max-image-preview:large","max-video-preview":"max-video-preview:-1"},"canonical":"https:\/\/www.oly-dorf.de\/en\/baenkeundbankpaten\/","og_locale":"en_US","og_type":"article","og_title":"B\u00e4nke und Bankpaten | Studenten im Olympiazentrum e.V.","og_description":"Bankpaten - \u00dcbersicht f\u00fcr das Sommersemester\u00a0Das Ausleihen eines Tisches und 2 B\u00e4nke kostet 2 Euro Leihgeb\u00fchr. \u00a0Schreiben Sie einfach eine Nachricht an die zust\u00e4ndige Person.\u00a0Sie m\u00fcssen Kaution von 50 Euro f\u00fcr das Set f\u00fcr die Dauer der Ausleihe hinterlassen.Sommersemester 2025 Name E-Mail 2 Jakob Reinwald bank.olydorf@icloud.com 3 Johanna\u00a0 Johanna.bux@gmail.com 5 Simon Simonschiessler@icloud.com 6 Amira Ebenamira131@gmail.com [&hellip;]","og_url":"https:\/\/www.oly-dorf.de\/en\/baenkeundbankpaten\/","og_site_name":"Studenten im Olympiazentrum e.V.","article_modified_time":"2026-04-19T13:56:58+00:00","twitter_card":"summary_large_image","twitter_misc":{"Est. reading time":"1 minute"},"schema":{"@context":"https:\/\/schema.org","@graph":[{"@type":"WebPage","@id":"https:\/\/www.oly-dorf.de\/baenkeundbankpaten\/","url":"https:\/\/www.oly-dorf.de\/baenkeundbankpaten\/","name":"B\u00e4nke und Bankpaten | Studenten im Olympiazentrum e.V.","isPartOf":{"@id":"https:\/\/www.oly-dorf.de\/#website"},"datePublished":"2022-05-09T14:49:23+00:00","dateModified":"2026-04-19T13:56:58+00:00","breadcrumb":{"@id":"https:\/\/www.oly-dorf.de\/baenkeundbankpaten\/#breadcrumb"},"inLanguage":"en-US","potentialAction":[{"@type":"ReadAction","target":["https:\/\/www.oly-dorf.de\/baenkeundbankpaten\/"]}]},{"@type":"BreadcrumbList","@id":"https:\/\/www.oly-dorf.de\/baenkeundbankpaten\/#breadcrumb","itemListElement":[{"@type":"ListItem","position":1,"name":"Home","item":"https:\/\/www.oly-dorf.de\/"},{"@type":"ListItem","position":2,"name":"B\u00e4nke und Bankpaten"}]},{"@type":"WebSite","@id":"https:\/\/www.oly-dorf.de\/#website","url":"https:\/\/www.oly-dorf.de\/","name":"Studenten im Olympiazentrum e.V.","description":"","publisher":{"@id":"https:\/\/www.oly-dorf.de\/#organization"},"potentialAction":[{"@type":"SearchAction","target":{"@type":"EntryPoint","urlTemplate":"https:\/\/www.oly-dorf.de\/?s={search_term_string}"},"query-input":{"@type":"PropertyValueSpecification","valueRequired":true,"valueName":"search_term_string"}}],"inLanguage":"en-US"},{"@type":"Organization","@id":"https:\/\/www.oly-dorf.de\/#organization","name":"Olydorf","url":"https:\/\/www.oly-dorf.de\/","logo":{"@type":"ImageObject","inLanguage":"en-US","@id":"https:\/\/www.oly-dorf.de\/#\/schema\/logo\/image\/","url":"https:\/\/www.oly-dorf.de\/wp-content\/uploads\/2022\/05\/Vereinslogo_1024x560.png","contentUrl":"https:\/\/www.oly-dorf.de\/wp-content\/uploads\/2022\/05\/Vereinslogo_1024x560.png","width":1024,"height":560,"caption":"Olydorf"},"image":{"@id":"https:\/\/www.oly-dorf.de\/#\/schema\/logo\/image\/"}}]}},"campaignId":"","_links":{"self":[{"href":"https:\/\/www.oly-dorf.de\/en\/wp-json\/wp\/v2\/pages\/235400","targetHints":{"allow":["GET"]}}],"collection":[{"href":"https:\/\/www.oly-dorf.de\/en\/wp-json\/wp\/v2\/pages"}],"about":[{"href":"https:\/\/www.oly-dorf.de\/en\/wp-json\/wp\/v2\/types\/page"}],"author":[{"embeddable":true,"href":"https:\/\/www.oly-dorf.de\/en\/wp-json\/wp\/v2\/users\/8"}],"replies":[{"embeddable":true,"href":"https:\/\/www.oly-dorf.de\/en\/wp-json\/wp\/v2\/comments?post=235400"}],"version-history":[{"count":30,"href":"https:\/\/www.oly-dorf.de\/en\/wp-json\/wp\/v2\/pages\/235400\/revisions"}],"predecessor-version":[{"id":238849,"href":"https:\/\/www.oly-dorf.de\/en\/wp-json\/wp\/v2\/pages\/235400\/revisions\/238849"}],"wp:attachment":[{"href":"https:\/\/www.oly-dorf.de\/en\/wp-json\/wp\/v2\/media?parent=235400"}],"curies":[{"name":"wp","href":"https:\/\/api.w.org\/{rel}","templated":true}]}}