{"id":235497,"date":"2022-06-22T19:08:45","date_gmt":"2022-06-22T18:08:45","guid":{"rendered":"https:\/\/www.olydorf.com\/?page_id=235497"},"modified":"2023-04-07T15:24:03","modified_gmt":"2023-04-07T13:24:03","slug":"imkerei-fuhrungen","status":"publish","type":"page","link":"https:\/\/www.oly-dorf.de\/en\/imkerei-fuhrungen\/","title":{"rendered":"Apiary tours"},"content":{"rendered":"<p>[et_pb_section fb_built=&#8221;1&#8243; custom_padding_last_edited=&#8221;on|tablet&#8221; next_background_color=&#8221;#ffffff&#8221; admin_label=&#8221;Header&#8221; _builder_version=&#8221;4.16&#8243; background_color=&#8221;#fcfaf7&#8243; background_image=&#8221;https:\/\/www.oly-dorf.de\/wp-content\/uploads\/2021\/12\/farm-09-2.png&#8221; background_size=&#8221;initial&#8221; background_position=&#8221;top_center&#8221; min_height=&#8221;919.5px&#8221; custom_padding=&#8221;||0vw|||&#8221; custom_padding_tablet=&#8221;||0vw|&#8221; custom_padding_phone=&#8221;&#8221; bottom_divider_style=&#8221;wave&#8221; bottom_divider_height=&#8221;80%&#8221; bottom_divider_repeat=&#8221;0.6x&#8221; bottom_divider_flip=&#8221;vertical|horizontal&#8221; global_colors_info=&#8221;{}&#8221;][et_pb_row column_structure=&#8221;1_2,1_2&#8243; _builder_version=&#8221;4.19.4&#8243; width=&#8221;100%&#8221; custom_margin=&#8221;100px||&#8221; custom_margin_tablet=&#8221;||&#8221; custom_margin_phone=&#8221;0px|||&#8221; custom_margin_last_edited=&#8221;on|tablet&#8221; custom_padding=&#8221;||3px|||&#8221; global_colors_info=&#8221;{}&#8221;][et_pb_column type=&#8221;1_2&#8243; _builder_version=&#8221;4.16&#8243; custom_padding=&#8221;|||&#8221; global_colors_info=&#8221;{}&#8221; custom_padding__hover=&#8221;|||&#8221;][et_pb_text _builder_version=&#8221;4.17.4&#8243; header_font=&#8221;Cormorant Garamond|700|||||||&#8221; header_text_color=&#8221;#002855&#8243; header_font_size=&#8221;70px&#8221; header_letter_spacing=&#8221;1px&#8221; header_line_height=&#8221;1.2em&#8221; header_font_size_tablet=&#8221;40px&#8221; header_font_size_phone=&#8221;34px&#8221; header_font_size_last_edited=&#8221;on|desktop&#8221; header_letter_spacing_tablet=&#8221;0px&#8221; header_letter_spacing_phone=&#8221;0px&#8221; header_letter_spacing_last_edited=&#8221;on|tablet&#8221; global_colors_info=&#8221;{}&#8221;]<\/p>\n<h1>Apiary tours<\/h1>\n<p>[\/et_pb_text][et_pb_text _builder_version=&#8221;4.17.4&#8243; text_font=&#8221;Open Sans||||||||&#8221; text_font_size=&#8221;17px&#8221; text_letter_spacing=&#8221;0.5px&#8221; text_line_height=&#8221;2em&#8221; header_line_height=&#8221;1.3em&#8221; transform_scale_tablet=&#8221;&#8221; transform_scale_phone=&#8221;&#8221; transform_scale_last_edited=&#8221;on|desktop&#8221; transform_translate_tablet=&#8221;&#8221; transform_translate_phone=&#8221;&#8221; transform_translate_last_edited=&#8221;on|desktop&#8221; transform_rotate_tablet=&#8221;&#8221; transform_rotate_phone=&#8221;&#8221; transform_rotate_last_edited=&#8221;on|desktop&#8221; transform_skew_tablet=&#8221;&#8221; transform_skew_phone=&#8221;&#8221; transform_skew_last_edited=&#8221;on|desktop&#8221; transform_origin_tablet=&#8221;&#8221; transform_origin_phone=&#8221;&#8221; transform_origin_last_edited=&#8221;on|desktop&#8221; transform_styles_last_edited=&#8221;on|desktop&#8221; text_font_size_tablet=&#8221;16px&#8221; text_font_size_phone=&#8221;14px&#8221; text_font_size_last_edited=&#8221;on|phone&#8221; text_letter_spacing_tablet=&#8221;&#8221; text_letter_spacing_phone=&#8221;0px&#8221; text_letter_spacing_last_edited=&#8221;on|tablet&#8221; transform_styles_tablet=&#8221;&#8221; transform_styles_phone=&#8221;&#8221; global_colors_info=&#8221;{}&#8221;]<\/p>\n<p>&nbsp;<\/p>\n<header class=\"entry-header page-header\">\n<div class=\"page-header-content\">\n<div class=\"entry-header-text page-header-text\">\n<h1 class=\"entry-title page-title\">Guides tours for schools, kindergartens and small groups<\/h1>\n<\/div>\n<\/div>\n<\/header>\n<div class=\"entry-content entry-content-singular\">\n<p style=\"text-align: justify;\"><span class=\"TextRun SCXW202527771 BCX0\" xml:lang=\"DE-DE\" data-contrast=\"none\" lang=\"DE-DE\"><span class=\"NormalTextRun SCXW202527771 BCX0\">We offer a small amount of guided tours over the course of the year. As this is not our main priority we need to know several months in advance and ask for your understanding if we cannot offer you a timely date.<\/span><\/span><span class=\"TextRun SCXW202527771 BCX0\" xml:lang=\"DE-DE\" data-contrast=\"none\" lang=\"DE-DE\"><span class=\"NormalTextRun SCXW202527771 BCX0\"><\/span><\/span><span class=\"TextRun SCXW202527771 BCX0\" xml:lang=\"DE-DE\" data-contrast=\"none\" lang=\"DE-DE\"><span class=\"NormalTextRun SCXW202527771 BCX0\"><\/span><\/span><span class=\"TextRun SCXW202527771 BCX0\" xml:lang=\"DE-DE\" data-contrast=\"none\" lang=\"DE-DE\"><span class=\"NormalTextRun SCXW202527771 BCX0\"><\/span><\/span><span class=\"TextRun SCXW202527771 BCX0\" xml:lang=\"DE-DE\" data-contrast=\"none\" lang=\"DE-DE\"><span class=\"NormalTextRun SCXW202527771 BCX0\"><\/span><\/span><span class=\"TextRun SCXW202527771 BCX0\" xml:lang=\"DE-DE\" data-contrast=\"none\" lang=\"DE-DE\"><span class=\"NormalTextRun SCXW202527771 BCX0\"><\/span><\/span><\/p>\n<\/div>\n<p>[\/et_pb_text][\/et_pb_column][et_pb_column type=&#8221;1_2&#8243; _builder_version=&#8221;4.16&#8243; custom_padding=&#8221;|||&#8221; global_colors_info=&#8221;{}&#8221; custom_padding__hover=&#8221;|||&#8221;][et_pb_image src=&#8221;https:\/\/www.oly-dorf.de\/wp-content\/uploads\/2023\/04\/JAP3304.jpg&#8221; title_text=&#8221;_JAP3304&#8243; align=&#8221;right&#8221; _builder_version=&#8221;4.19.4&#8243; transform_scale=&#8221;120%|120%&#8221; transform_scale_tablet=&#8221;100%|100%&#8221; transform_scale_phone=&#8221;&#8221; transform_scale_last_edited=&#8221;on|tablet&#8221; transform_translate_tablet=&#8221;&#8221; transform_translate_phone=&#8221;&#8221; transform_translate_last_edited=&#8221;on|desktop&#8221; transform_rotate_tablet=&#8221;&#8221; transform_rotate_phone=&#8221;&#8221; transform_rotate_last_edited=&#8221;on|desktop&#8221; transform_skew_tablet=&#8221;&#8221; transform_skew_phone=&#8221;&#8221; transform_skew_last_edited=&#8221;on|desktop&#8221; transform_origin_tablet=&#8221;&#8221; transform_origin_phone=&#8221;&#8221; transform_origin_last_edited=&#8221;on|desktop&#8221; transform_styles_last_edited=&#8221;on|tablet&#8221; width=&#8221;100%&#8221; width_tablet=&#8221;60%&#8221; width_phone=&#8221;&#8221; width_last_edited=&#8221;on|phone&#8221; custom_margin=&#8221;|||&#8221; transform_styles_tablet=&#8221;&#8221; transform_styles_phone=&#8221;&#8221; always_center_on_mobile=&#8221;off&#8221; global_colors_info=&#8221;{}&#8221;][\/et_pb_image][et_pb_button button_url=&#8221;mailto:bienen@oly-dorf.de&#8221; button_text=&#8221;Email&#8221; button_alignment=&#8221;center&#8221; _builder_version=&#8221;4.19.4&#8243; custom_button=&#8221;on&#8221; button_text_color=&#8221;#ffffff&#8221; button_bg_use_color_gradient=&#8221;on&#8221; button_bg_color_gradient_direction=&#8221;-60deg&#8221; button_bg_color_gradient_stops=&#8221;#57ac5a 0%|#7db667 100%&#8221; button_bg_color_gradient_start=&#8221;#57ac5a&#8221; button_bg_color_gradient_end=&#8221;#7db667&#8243; button_border_width=&#8221;0px&#8221; button_border_radius=&#8221;6px&#8221; button_font=&#8221;|700|||||||&#8221; custom_margin=&#8221;50px||&#8221; custom_padding=&#8221;10px|40px|10px|40px|true|true&#8221; box_shadow_style=&#8221;preset1&#8243; box_shadow_vertical=&#8221;20px&#8221; box_shadow_blur=&#8221;40px&#8221; box_shadow_color=&#8221;rgba(125,182,103,0.4)&#8221; global_colors_info=&#8221;{}&#8221;][\/et_pb_button][\/et_pb_column][\/et_pb_row][\/et_pb_section][et_pb_section fb_built=&#8221;1&#8243; _builder_version=&#8221;4.16&#8243; _module_preset=&#8221;default&#8221; min_height=&#8221;402px&#8221; global_colors_info=&#8221;{}&#8221;][et_pb_row _builder_version=&#8221;4.16&#8243; _module_preset=&#8221;default&#8221; global_colors_info=&#8221;{}&#8221;][et_pb_column type=&#8221;4_4&#8243; _builder_version=&#8221;4.16&#8243; _module_preset=&#8221;default&#8221; hover_enabled=&#8221;0&#8243; global_colors_info=&#8221;{}&#8221; sticky_enabled=&#8221;0&#8243;][et_pb_text _builder_version=&#8221;4.19.4&#8243; _module_preset=&#8221;default&#8221; text_font_size=&#8221;17px&#8221; text_letter_spacing=&#8221;0.5px&#8221; text_line_height=&#8221;2em&#8221; hover_enabled=&#8221;0&#8243; global_colors_info=&#8221;{}&#8221; sticky_enabled=&#8221;0&#8243;]<\/p>\n<header class=\"entry-header page-header\">\n<div class=\"page-header-content\">\n<div class=\"entry-header-text page-header-text\">\n<h1 class=\"entry-title page-title\">This is how a tour could look like:<\/h1>\n<p>&nbsp;<\/p>\n<p>- The wild bee and its role in nature<\/p>\n<p>- Honey production<\/p>\n<p>- The anatomy of a bee<\/p>\n<p>- The organisation of a bee colony<\/p>\n<p>- The honeybee's role in nature<\/p>\n<p>- Hands on: making lip balm yourself<\/p>\n<\/div>\n<\/div>\n<\/header>\n<p>[\/et_pb_text][\/et_pb_column][\/et_pb_row][et_pb_row _builder_version=&#8221;4.16&#8243; _module_preset=&#8221;default&#8221; global_colors_info=&#8221;{}&#8221;][et_pb_column type=&#8221;4_4&#8243; _builder_version=&#8221;4.16&#8243; _module_preset=&#8221;default&#8221; global_colors_info=&#8221;{}&#8221;][et_pb_text _builder_version=&#8221;4.17.4&#8243; _module_preset=&#8221;default&#8221; text_font_size=&#8221;17px&#8221; text_letter_spacing=&#8221;0.5px&#8221; text_line_height=&#8221;2em&#8221; global_colors_info=&#8221;{}&#8221;]<\/p>\n<header class=\"entry-header page-header\">\n<div class=\"page-header-content\">\n<div class=\"entry-header-text page-header-text\">\n<h1 class=\"entry-title page-title\">Tours for individuals<\/h1>\n<p>&nbsp;<\/p>\n<\/div>\n<\/div>\n<\/header>\n<div class=\"entry-content entry-content-singular\">\n<p style=\"text-align: justify;\"><span data-contrast=\"none\">we offer them regularly via the Studierendenwerk. Please inform yourself there about upcoming events.<\/span><span data-contrast=\"none\"><\/span><span data-contrast=\"none\"><\/span><span data-contrast=\"none\"><\/span><\/p>\n<\/div>\n<p>[\/et_pb_text][\/et_pb_column][\/et_pb_row][\/et_pb_section]<\/p>","protected":false},"excerpt":{"rendered":"<p>Imkerei F\u00fchrungen&nbsp; F\u00fchrungen f\u00fcr Schulen, Kinderg\u00e4rten und kleine Gruppen Wir bieten gerne eine kleine Anzahl an F\u00fchrungen pro Jahr an. Da das nicht unsere Hauptaufgabe ist, bitten wir Sie um fr\u00fchzeitigen Kontakt (am Besten mehrere Monate im Voraus) und Verst\u00e4ndnis, falls wir nicht zeitnah F\u00fchrungen anbieten k\u00f6nnen. So k\u00f6nnte eine F\u00fchrung aussehen: &nbsp; &#8211; Wildbiene [&hellip;]<\/p>","protected":false},"author":1,"featured_media":0,"parent":0,"menu_order":0,"comment_status":"closed","ping_status":"closed","template":"","meta":{"give_campaign_id":0,"_et_pb_use_builder":"on","_et_pb_old_content":"","_et_gb_content_width":"","footnotes":""},"class_list":["post-235497","page","type-page","status-publish","hentry"],"yoast_head":"<!-- This site is optimized with the Yoast SEO plugin v25.4 - https:\/\/yoast.com\/wordpress\/plugins\/seo\/ -->\n<title>Imkerei F\u00fchrungen | Studenten im Olympiazentrum e.V.<\/title>\n<meta name=\"robots\" content=\"index, follow, max-snippet:-1, max-image-preview:large, max-video-preview:-1\" \/>\n<link rel=\"canonical\" href=\"https:\/\/www.oly-dorf.de\/en\/imkerei-fuhrungen\/\" \/>\n<meta property=\"og:locale\" content=\"en_US\" \/>\n<meta property=\"og:type\" content=\"article\" \/>\n<meta property=\"og:title\" content=\"Imkerei F\u00fchrungen | Studenten im Olympiazentrum e.V.\" \/>\n<meta property=\"og:description\" content=\"Imkerei F\u00fchrungen&nbsp; F\u00fchrungen f\u00fcr Schulen, Kinderg\u00e4rten und kleine Gruppen Wir bieten gerne eine kleine Anzahl an F\u00fchrungen pro Jahr an. Da das nicht unsere Hauptaufgabe ist, bitten wir Sie um fr\u00fchzeitigen Kontakt (am Besten mehrere Monate im Voraus) und Verst\u00e4ndnis, falls wir nicht zeitnah F\u00fchrungen anbieten k\u00f6nnen. So k\u00f6nnte eine F\u00fchrung aussehen: &nbsp; - Wildbiene [&hellip;]\" \/>\n<meta property=\"og:url\" content=\"https:\/\/www.oly-dorf.de\/en\/imkerei-fuhrungen\/\" \/>\n<meta property=\"og:site_name\" content=\"Studenten im Olympiazentrum e.V.\" \/>\n<meta property=\"article:modified_time\" content=\"2023-04-07T13:24:03+00:00\" \/>\n<meta name=\"twitter:card\" content=\"summary_large_image\" \/>\n<script type=\"application\/ld+json\" class=\"yoast-schema-graph\">{\"@context\":\"https:\/\/schema.org\",\"@graph\":[{\"@type\":\"WebPage\",\"@id\":\"https:\/\/www.oly-dorf.de\/imkerei-fuhrungen\/\",\"url\":\"https:\/\/www.oly-dorf.de\/imkerei-fuhrungen\/\",\"name\":\"Imkerei F\u00fchrungen | Studenten im Olympiazentrum e.V.\",\"isPartOf\":{\"@id\":\"https:\/\/www.oly-dorf.de\/#website\"},\"datePublished\":\"2022-06-22T18:08:45+00:00\",\"dateModified\":\"2023-04-07T13:24:03+00:00\",\"breadcrumb\":{\"@id\":\"https:\/\/www.oly-dorf.de\/imkerei-fuhrungen\/#breadcrumb\"},\"inLanguage\":\"en-US\",\"potentialAction\":[{\"@type\":\"ReadAction\",\"target\":[\"https:\/\/www.oly-dorf.de\/imkerei-fuhrungen\/\"]}]},{\"@type\":\"BreadcrumbList\",\"@id\":\"https:\/\/www.oly-dorf.de\/imkerei-fuhrungen\/#breadcrumb\",\"itemListElement\":[{\"@type\":\"ListItem\",\"position\":1,\"name\":\"Home\",\"item\":\"https:\/\/www.oly-dorf.de\/\"},{\"@type\":\"ListItem\",\"position\":2,\"name\":\"Imkerei F\u00fchrungen\"}]},{\"@type\":\"WebSite\",\"@id\":\"https:\/\/www.oly-dorf.de\/#website\",\"url\":\"https:\/\/www.oly-dorf.de\/\",\"name\":\"Studenten im Olympiazentrum e.V.\",\"description\":\"\",\"publisher\":{\"@id\":\"https:\/\/www.oly-dorf.de\/#organization\"},\"potentialAction\":[{\"@type\":\"SearchAction\",\"target\":{\"@type\":\"EntryPoint\",\"urlTemplate\":\"https:\/\/www.oly-dorf.de\/?s={search_term_string}\"},\"query-input\":{\"@type\":\"PropertyValueSpecification\",\"valueRequired\":true,\"valueName\":\"search_term_string\"}}],\"inLanguage\":\"en-US\"},{\"@type\":\"Organization\",\"@id\":\"https:\/\/www.oly-dorf.de\/#organization\",\"name\":\"Olydorf\",\"url\":\"https:\/\/www.oly-dorf.de\/\",\"logo\":{\"@type\":\"ImageObject\",\"inLanguage\":\"en-US\",\"@id\":\"https:\/\/www.oly-dorf.de\/#\/schema\/logo\/image\/\",\"url\":\"https:\/\/www.oly-dorf.de\/wp-content\/uploads\/2022\/05\/Vereinslogo_1024x560.png\",\"contentUrl\":\"https:\/\/www.oly-dorf.de\/wp-content\/uploads\/2022\/05\/Vereinslogo_1024x560.png\",\"width\":1024,\"height\":560,\"caption\":\"Olydorf\"},\"image\":{\"@id\":\"https:\/\/www.oly-dorf.de\/#\/schema\/logo\/image\/\"}}]}<\/script>\n<!-- \/ Yoast SEO plugin. -->","yoast_head_json":{"title":"Imkerei F\u00fchrungen | Studenten im Olympiazentrum e.V.","robots":{"index":"index","follow":"follow","max-snippet":"max-snippet:-1","max-image-preview":"max-image-preview:large","max-video-preview":"max-video-preview:-1"},"canonical":"https:\/\/www.oly-dorf.de\/en\/imkerei-fuhrungen\/","og_locale":"en_US","og_type":"article","og_title":"Imkerei F\u00fchrungen | Studenten im Olympiazentrum e.V.","og_description":"Imkerei F\u00fchrungen&nbsp; F\u00fchrungen f\u00fcr Schulen, Kinderg\u00e4rten und kleine Gruppen Wir bieten gerne eine kleine Anzahl an F\u00fchrungen pro Jahr an. Da das nicht unsere Hauptaufgabe ist, bitten wir Sie um fr\u00fchzeitigen Kontakt (am Besten mehrere Monate im Voraus) und Verst\u00e4ndnis, falls wir nicht zeitnah F\u00fchrungen anbieten k\u00f6nnen. So k\u00f6nnte eine F\u00fchrung aussehen: &nbsp; - Wildbiene [&hellip;]","og_url":"https:\/\/www.oly-dorf.de\/en\/imkerei-fuhrungen\/","og_site_name":"Studenten im Olympiazentrum e.V.","article_modified_time":"2023-04-07T13:24:03+00:00","twitter_card":"summary_large_image","schema":{"@context":"https:\/\/schema.org","@graph":[{"@type":"WebPage","@id":"https:\/\/www.oly-dorf.de\/imkerei-fuhrungen\/","url":"https:\/\/www.oly-dorf.de\/imkerei-fuhrungen\/","name":"Imkerei F\u00fchrungen | Studenten im Olympiazentrum e.V.","isPartOf":{"@id":"https:\/\/www.oly-dorf.de\/#website"},"datePublished":"2022-06-22T18:08:45+00:00","dateModified":"2023-04-07T13:24:03+00:00","breadcrumb":{"@id":"https:\/\/www.oly-dorf.de\/imkerei-fuhrungen\/#breadcrumb"},"inLanguage":"en-US","potentialAction":[{"@type":"ReadAction","target":["https:\/\/www.oly-dorf.de\/imkerei-fuhrungen\/"]}]},{"@type":"BreadcrumbList","@id":"https:\/\/www.oly-dorf.de\/imkerei-fuhrungen\/#breadcrumb","itemListElement":[{"@type":"ListItem","position":1,"name":"Home","item":"https:\/\/www.oly-dorf.de\/"},{"@type":"ListItem","position":2,"name":"Imkerei F\u00fchrungen"}]},{"@type":"WebSite","@id":"https:\/\/www.oly-dorf.de\/#website","url":"https:\/\/www.oly-dorf.de\/","name":"Studenten im Olympiazentrum e.V.","description":"","publisher":{"@id":"https:\/\/www.oly-dorf.de\/#organization"},"potentialAction":[{"@type":"SearchAction","target":{"@type":"EntryPoint","urlTemplate":"https:\/\/www.oly-dorf.de\/?s={search_term_string}"},"query-input":{"@type":"PropertyValueSpecification","valueRequired":true,"valueName":"search_term_string"}}],"inLanguage":"en-US"},{"@type":"Organization","@id":"https:\/\/www.oly-dorf.de\/#organization","name":"Olydorf","url":"https:\/\/www.oly-dorf.de\/","logo":{"@type":"ImageObject","inLanguage":"en-US","@id":"https:\/\/www.oly-dorf.de\/#\/schema\/logo\/image\/","url":"https:\/\/www.oly-dorf.de\/wp-content\/uploads\/2022\/05\/Vereinslogo_1024x560.png","contentUrl":"https:\/\/www.oly-dorf.de\/wp-content\/uploads\/2022\/05\/Vereinslogo_1024x560.png","width":1024,"height":560,"caption":"Olydorf"},"image":{"@id":"https:\/\/www.oly-dorf.de\/#\/schema\/logo\/image\/"}}]}},"campaignId":"","_links":{"self":[{"href":"https:\/\/www.oly-dorf.de\/en\/wp-json\/wp\/v2\/pages\/235497","targetHints":{"allow":["GET"]}}],"collection":[{"href":"https:\/\/www.oly-dorf.de\/en\/wp-json\/wp\/v2\/pages"}],"about":[{"href":"https:\/\/www.oly-dorf.de\/en\/wp-json\/wp\/v2\/types\/page"}],"author":[{"embeddable":true,"href":"https:\/\/www.oly-dorf.de\/en\/wp-json\/wp\/v2\/users\/1"}],"replies":[{"embeddable":true,"href":"https:\/\/www.oly-dorf.de\/en\/wp-json\/wp\/v2\/comments?post=235497"}],"version-history":[{"count":7,"href":"https:\/\/www.oly-dorf.de\/en\/wp-json\/wp\/v2\/pages\/235497\/revisions"}],"predecessor-version":[{"id":236686,"href":"https:\/\/www.oly-dorf.de\/en\/wp-json\/wp\/v2\/pages\/235497\/revisions\/236686"}],"wp:attachment":[{"href":"https:\/\/www.oly-dorf.de\/en\/wp-json\/wp\/v2\/media?parent=235497"}],"curies":[{"name":"wp","href":"https:\/\/api.w.org\/{rel}","templated":true}]}}