{"id":236289,"date":"2023-01-22T20:49:21","date_gmt":"2023-01-22T19:49:21","guid":{"rendered":"https:\/\/www.oly-dorf.de\/?page_id=236289"},"modified":"2023-03-16T21:05:56","modified_gmt":"2023-03-16T20:05:56","slug":"olydisco-eevent-infos","status":"publish","type":"page","link":"https:\/\/www.oly-dorf.de\/en\/olydisco-eevent-infos\/","title":{"rendered":"OlyDisco Eevent Infos"},"content":{"rendered":"<p>[et_pb_section fb_built=&#8221;1&#8243; admin_label=&#8221;Hero&#8221; _builder_version=&#8221;4.19.4&#8243; background_color=&#8221;#0c0c0c&#8221; custom_margin=&#8221;||||false|false&#8221; locked=&#8221;off&#8221; global_colors_info=&#8221;{}&#8221;][et_pb_row column_structure=&#8221;3_5,2_5&#8243; _builder_version=&#8221;4.16&#8243; global_colors_info=&#8221;{}&#8221;][et_pb_column type=&#8221;3_5&#8243; _builder_version=&#8221;4.16&#8243; background_color=&#8221;#ffffff&#8221; custom_padding=&#8221;56px|60px|80px||false|false&#8221; custom_padding_tablet=&#8221;0px|60px|80px||false|false&#8221; custom_padding_phone=&#8221;&#8221; custom_padding_last_edited=&#8221;on|tablet&#8221; box_shadow_style=&#8221;preset4&#8243; box_shadow_horizontal=&#8221;-10vw&#8221; box_shadow_vertical=&#8221;-10vw&#8221; box_shadow_spread=&#8221;10vw&#8221; box_shadow_color=&#8221;#ffffff&#8221; global_colors_info=&#8221;{}&#8221;][et_pb_code _builder_version=&#8221;4.19.4&#8243; _module_preset=&#8221;default&#8221; width=&#8221;65.4%&#8221; global_colors_info=&#8221;{}&#8221;]<img decoding=\"async\" src=\"https:\/\/docs.google.com\/drawings\/d\/e\/2PACX-1vRLk6YAlQuVjeIGEMp_FmbDdxt9eun2v7rtQmlJmMGmsyYZoaFNzOhPKpmwCaa04l3wD6WqyylwRGC3\/pub?w=450&#038;h=620\">[\/et_pb_code][\/et_pb_column][et_pb_column type=&#8221;2_5&#8243; _builder_version=&#8221;4.16&#8243; z_index=&#8221;10&#8243; global_colors_info=&#8221;{}&#8221;][et_pb_image src=&#8221;https:\/\/www.oly-dorf.de\/wp-content\/uploads\/2023\/01\/52682015_2284048101656226_5580145665582825472_n-1.jpg&#8221; title_text=&#8221;52682015_2284048101656226_5580145665582825472_n&#8221; align=&#8221;center&#8221; _builder_version=&#8221;4.19.4&#8243; max_height_tablet=&#8221;400px&#8221; max_height_phone=&#8221;&#8221; max_height_last_edited=&#8221;on|tablet&#8221; custom_margin=&#8221;|||-110px||&#8221; custom_margin_tablet=&#8221;|||0px|false|false&#8221; custom_margin_phone=&#8221;&#8221; custom_margin_last_edited=&#8221;on|tablet&#8221; scroll_vertical_motion_enable=&#8221;on&#8221; scroll_vertical_motion=&#8221;0|82|82|100|1|0|-1&#8243; locked=&#8221;off&#8221; global_colors_info=&#8221;{}&#8221;][\/et_pb_image][\/et_pb_column][\/et_pb_row][\/et_pb_section][et_pb_section fb_built=&#8221;1&#8243; admin_label=&#8221;About&#8221; _builder_version=&#8221;4.19.4&#8243; background_color=&#8221;#0c0c0c&#8221; background_image=&#8221;https:\/\/www.oly-dorf.de\/wp-content\/uploads\/2023\/01\/event-6-1.png&#8221; parallax=&#8221;on&#8221; z_index=&#8221;10&#8243; overflow-x=&#8221;hidden&#8221; overflow-y=&#8221;hidden&#8221; global_colors_info=&#8221;{}&#8221;][et_pb_row column_structure=&#8221;2_5,3_5&#8243; _builder_version=&#8221;4.16&#8243; global_colors_info=&#8221;{}&#8221;][et_pb_column type=&#8221;2_5&#8243; _builder_version=&#8221;4.16&#8243; global_colors_info=&#8221;{}&#8221;][et_pb_image src=&#8221;https:\/\/www.oly-dorf.de\/wp-content\/uploads\/2023\/02\/Olydisco-white-logo.png&#8221; title_text=&#8221;Olydisco white logo&#8221; _builder_version=&#8221;4.19.4&#8243; custom_margin=&#8221;-10%||||false|false&#8221; scroll_scaling_enable=&#8221;on&#8221; scroll_rotating_enable=&#8221;on&#8221; scroll_rotating=&#8221;0|50|50|100|-10\u00b0|0|10\u00b0&#8221; locked=&#8221;off&#8221; global_colors_info=&#8221;{}&#8221;][\/et_pb_image][\/et_pb_column][et_pb_column type=&#8221;3_5&#8243; _builder_version=&#8221;4.16&#8243; global_colors_info=&#8221;{}&#8221;][et_pb_text _builder_version=&#8221;4.19.4&#8243; text_font=&#8221;Overpass||||||||&#8221; text_text_color=&#8221;#ffffff&#8221; text_font_size=&#8221;16px&#8221; text_line_height=&#8221;1.8em&#8221; header_2_font=&#8221;Playfair Display|700|||||||&#8221; header_2_text_color=&#8221;#ffffff&#8221; header_2_font_size=&#8221;72px&#8221; header_2_line_height=&#8221;1.3em&#8221; header_2_font_size_tablet=&#8221;52px&#8221; header_2_font_size_phone=&#8221;36px&#8221; header_2_font_size_last_edited=&#8221;on|phone&#8221; global_colors_info=&#8221;{}&#8221; header_2_2_font_size_tablet=&#8221;52px&#8221; header_3_2_font_size_tablet=&#8221;52px&#8221; header_4_2_font_size_tablet=&#8221;52px&#8221; header_5_2_font_size_tablet=&#8221;52px&#8221; header_6_2_font_size_tablet=&#8221;52px&#8221; header_2_2_font_size_phone=&#8221;36px&#8221; header_3_2_font_size_phone=&#8221;36px&#8221; header_4_2_font_size_phone=&#8221;36px&#8221; header_5_2_font_size_phone=&#8221;36px&#8221; header_6_2_font_size_phone=&#8221;36px&#8221; header_2_2_font_size_last_edited=&#8221;on|phone&#8221; header_3_2_font_size_last_edited=&#8221;on|phone&#8221; header_4_2_font_size_last_edited=&#8221;on|phone&#8221; header_5_2_font_size_last_edited=&#8221;on|phone&#8221; header_6_2_font_size_last_edited=&#8221;on|phone&#8221;]<\/p>\n<h2>\u00dcber Das Event<\/h2>\n<div class=\"x11i5rnm xat24cr x1mh8g0r x1vvkbs xtlvy1s x126k92a\">\n<div dir=\"auto\">Ganz nach dem Motto \u201ebesser sp\u00e4t als nie\u201c wollen wir nachtr\u00e4glich alle Erasmusstudierenden im olympischen Dorf begr\u00fc\u00dfen. Deswegen wollen wir bei unserer internationals welcome Party mit euch feiern! <span class=\"x3nfvp2 x1j61x8r x1fcty0u xdj266r xhhsvwb xat24cr xgzva0m xxymvpz xlup9mm x1kky2od\"><img decoding=\"async\" height=\"16\" width=\"16\" alt=\"\ud83c\udf89\" referrerpolicy=\"origin-when-cross-origin\" src=\"https:\/\/static.xx.fbcdn.net\/images\/emoji.php\/v9\/t8c\/1\/16\/1f389.png\" \/><\/span><span class=\"x3nfvp2 x1j61x8r x1fcty0u xdj266r xhhsvwb xat24cr xgzva0m xxymvpz xlup9mm x1kky2od\"><img decoding=\"async\" height=\"16\" width=\"16\" alt=\"\ud83c\udf7e\" referrerpolicy=\"origin-when-cross-origin\" src=\"https:\/\/static.xx.fbcdn.net\/images\/emoji.php\/v9\/t19\/1\/16\/1f37e.png\" \/><\/span><\/div>\n<\/div>\n<div class=\"x11i5rnm xat24cr x1mh8g0r x1vvkbs xtlvy1s x126k92a\">\n<div dir=\"auto\"><span><a tabindex=\"-1\"><\/a><\/span>Dieses Mal wird erst weniger Karten im Vorverkauf geben und daf\u00fcr mehr Karten an der Abendkasse.<\/div>\n<\/div>\n<div class=\"x11i5rnm xat24cr x1mh8g0r x1vvkbs xtlvy1s x126k92a\">\n<div dir=\"auto\">Zudem wird es NUR EINEN VORVERKAUF geben, dieser findet am 23.05 um 18 Uhr statt (Ort wird noch bekanntgegeben)!<\/div>\n<\/div>\n<p>[\/et_pb_text][\/et_pb_column][\/et_pb_row][\/et_pb_section]<\/p>","protected":false},"excerpt":{"rendered":"<p>\u00dcber Das Event Ganz nach dem Motto \u201ebesser sp\u00e4t als nie\u201c wollen wir nachtr\u00e4glich alle Erasmusstudierenden im olympischen Dorf begr\u00fc\u00dfen. Deswegen wollen wir bei unserer internationals welcome Party mit euch feiern! Dieses Mal wird erst weniger Karten im Vorverkauf geben und daf\u00fcr mehr Karten an der Abendkasse. Zudem wird es NUR EINEN VORVERKAUF geben, dieser [&hellip;]<\/p>","protected":false},"author":8,"featured_media":0,"parent":0,"menu_order":0,"comment_status":"closed","ping_status":"closed","template":"","meta":{"give_campaign_id":0,"_et_pb_use_builder":"on","_et_pb_old_content":"","_et_gb_content_width":"","footnotes":""},"class_list":["post-236289","page","type-page","status-publish","hentry"],"yoast_head":"<!-- This site is optimized with the Yoast SEO plugin v25.4 - https:\/\/yoast.com\/wordpress\/plugins\/seo\/ -->\n<title>OlyDisco Eevent Infos | Studenten im Olympiazentrum e.V.<\/title>\n<meta name=\"robots\" content=\"index, follow, max-snippet:-1, max-image-preview:large, max-video-preview:-1\" \/>\n<link rel=\"canonical\" href=\"https:\/\/www.oly-dorf.de\/en\/olydisco-eevent-infos\/\" \/>\n<meta property=\"og:locale\" content=\"en_US\" \/>\n<meta property=\"og:type\" content=\"article\" \/>\n<meta property=\"og:title\" content=\"OlyDisco Eevent Infos | Studenten im Olympiazentrum e.V.\" \/>\n<meta property=\"og:description\" content=\"\u00dcber Das Event Ganz nach dem Motto \u201ebesser sp\u00e4t als nie\u201c wollen wir nachtr\u00e4glich alle Erasmusstudierenden im olympischen Dorf begr\u00fc\u00dfen. Deswegen wollen wir bei unserer internationals welcome Party mit euch feiern! Dieses Mal wird erst weniger Karten im Vorverkauf geben und daf\u00fcr mehr Karten an der Abendkasse. Zudem wird es NUR EINEN VORVERKAUF geben, dieser [&hellip;]\" \/>\n<meta property=\"og:url\" content=\"https:\/\/www.oly-dorf.de\/en\/olydisco-eevent-infos\/\" \/>\n<meta property=\"og:site_name\" content=\"Studenten im Olympiazentrum e.V.\" \/>\n<meta property=\"article:modified_time\" content=\"2023-03-16T20:05:56+00:00\" \/>\n<meta property=\"og:image\" content=\"https:\/\/docs.google.com\/drawings\/d\/e\/2PACX-1vRLk6YAlQuVjeIGEMp_FmbDdxt9eun2v7rtQmlJmMGmsyYZoaFNzOhPKpmwCaa04l3wD6WqyylwRGC3\/pub?w=450&h=620\" \/>\n<meta name=\"twitter:card\" content=\"summary_large_image\" \/>\n<script type=\"application\/ld+json\" class=\"yoast-schema-graph\">{\"@context\":\"https:\/\/schema.org\",\"@graph\":[{\"@type\":\"WebPage\",\"@id\":\"https:\/\/www.oly-dorf.de\/olydisco-eevent-infos\/\",\"url\":\"https:\/\/www.oly-dorf.de\/olydisco-eevent-infos\/\",\"name\":\"OlyDisco Eevent Infos | Studenten im Olympiazentrum e.V.\",\"isPartOf\":{\"@id\":\"https:\/\/www.oly-dorf.de\/#website\"},\"primaryImageOfPage\":{\"@id\":\"https:\/\/www.oly-dorf.de\/olydisco-eevent-infos\/#primaryimage\"},\"image\":{\"@id\":\"https:\/\/www.oly-dorf.de\/olydisco-eevent-infos\/#primaryimage\"},\"thumbnailUrl\":\"https:\/\/docs.google.com\/drawings\/d\/e\/2PACX-1vRLk6YAlQuVjeIGEMp_FmbDdxt9eun2v7rtQmlJmMGmsyYZoaFNzOhPKpmwCaa04l3wD6WqyylwRGC3\/pub?w=450&h=620\",\"datePublished\":\"2023-01-22T19:49:21+00:00\",\"dateModified\":\"2023-03-16T20:05:56+00:00\",\"breadcrumb\":{\"@id\":\"https:\/\/www.oly-dorf.de\/olydisco-eevent-infos\/#breadcrumb\"},\"inLanguage\":\"en-US\",\"potentialAction\":[{\"@type\":\"ReadAction\",\"target\":[\"https:\/\/www.oly-dorf.de\/olydisco-eevent-infos\/\"]}]},{\"@type\":\"ImageObject\",\"inLanguage\":\"en-US\",\"@id\":\"https:\/\/www.oly-dorf.de\/olydisco-eevent-infos\/#primaryimage\",\"url\":\"https:\/\/docs.google.com\/drawings\/d\/e\/2PACX-1vRLk6YAlQuVjeIGEMp_FmbDdxt9eun2v7rtQmlJmMGmsyYZoaFNzOhPKpmwCaa04l3wD6WqyylwRGC3\/pub?w=450&h=620\",\"contentUrl\":\"https:\/\/docs.google.com\/drawings\/d\/e\/2PACX-1vRLk6YAlQuVjeIGEMp_FmbDdxt9eun2v7rtQmlJmMGmsyYZoaFNzOhPKpmwCaa04l3wD6WqyylwRGC3\/pub?w=450&h=620\"},{\"@type\":\"BreadcrumbList\",\"@id\":\"https:\/\/www.oly-dorf.de\/olydisco-eevent-infos\/#breadcrumb\",\"itemListElement\":[{\"@type\":\"ListItem\",\"position\":1,\"name\":\"Home\",\"item\":\"https:\/\/www.oly-dorf.de\/\"},{\"@type\":\"ListItem\",\"position\":2,\"name\":\"OlyDisco Eevent Infos\"}]},{\"@type\":\"WebSite\",\"@id\":\"https:\/\/www.oly-dorf.de\/#website\",\"url\":\"https:\/\/www.oly-dorf.de\/\",\"name\":\"Studenten im Olympiazentrum e.V.\",\"description\":\"\",\"publisher\":{\"@id\":\"https:\/\/www.oly-dorf.de\/#organization\"},\"potentialAction\":[{\"@type\":\"SearchAction\",\"target\":{\"@type\":\"EntryPoint\",\"urlTemplate\":\"https:\/\/www.oly-dorf.de\/?s={search_term_string}\"},\"query-input\":{\"@type\":\"PropertyValueSpecification\",\"valueRequired\":true,\"valueName\":\"search_term_string\"}}],\"inLanguage\":\"en-US\"},{\"@type\":\"Organization\",\"@id\":\"https:\/\/www.oly-dorf.de\/#organization\",\"name\":\"Olydorf\",\"url\":\"https:\/\/www.oly-dorf.de\/\",\"logo\":{\"@type\":\"ImageObject\",\"inLanguage\":\"en-US\",\"@id\":\"https:\/\/www.oly-dorf.de\/#\/schema\/logo\/image\/\",\"url\":\"https:\/\/www.oly-dorf.de\/wp-content\/uploads\/2022\/05\/Vereinslogo_1024x560.png\",\"contentUrl\":\"https:\/\/www.oly-dorf.de\/wp-content\/uploads\/2022\/05\/Vereinslogo_1024x560.png\",\"width\":1024,\"height\":560,\"caption\":\"Olydorf\"},\"image\":{\"@id\":\"https:\/\/www.oly-dorf.de\/#\/schema\/logo\/image\/\"}}]}<\/script>\n<!-- \/ Yoast SEO plugin. -->","yoast_head_json":{"title":"OlyDisco Eevent Infos | Studenten im Olympiazentrum e.V.","robots":{"index":"index","follow":"follow","max-snippet":"max-snippet:-1","max-image-preview":"max-image-preview:large","max-video-preview":"max-video-preview:-1"},"canonical":"https:\/\/www.oly-dorf.de\/en\/olydisco-eevent-infos\/","og_locale":"en_US","og_type":"article","og_title":"OlyDisco Eevent Infos | Studenten im Olympiazentrum e.V.","og_description":"\u00dcber Das Event Ganz nach dem Motto \u201ebesser sp\u00e4t als nie\u201c wollen wir nachtr\u00e4glich alle Erasmusstudierenden im olympischen Dorf begr\u00fc\u00dfen. Deswegen wollen wir bei unserer internationals welcome Party mit euch feiern! Dieses Mal wird erst weniger Karten im Vorverkauf geben und daf\u00fcr mehr Karten an der Abendkasse. Zudem wird es NUR EINEN VORVERKAUF geben, dieser [&hellip;]","og_url":"https:\/\/www.oly-dorf.de\/en\/olydisco-eevent-infos\/","og_site_name":"Studenten im Olympiazentrum e.V.","article_modified_time":"2023-03-16T20:05:56+00:00","og_image":[{"url":"https:\/\/docs.google.com\/drawings\/d\/e\/2PACX-1vRLk6YAlQuVjeIGEMp_FmbDdxt9eun2v7rtQmlJmMGmsyYZoaFNzOhPKpmwCaa04l3wD6WqyylwRGC3\/pub?w=450&h=620","type":"","width":"","height":""}],"twitter_card":"summary_large_image","schema":{"@context":"https:\/\/schema.org","@graph":[{"@type":"WebPage","@id":"https:\/\/www.oly-dorf.de\/olydisco-eevent-infos\/","url":"https:\/\/www.oly-dorf.de\/olydisco-eevent-infos\/","name":"OlyDisco Eevent Infos | Studenten im Olympiazentrum e.V.","isPartOf":{"@id":"https:\/\/www.oly-dorf.de\/#website"},"primaryImageOfPage":{"@id":"https:\/\/www.oly-dorf.de\/olydisco-eevent-infos\/#primaryimage"},"image":{"@id":"https:\/\/www.oly-dorf.de\/olydisco-eevent-infos\/#primaryimage"},"thumbnailUrl":"https:\/\/docs.google.com\/drawings\/d\/e\/2PACX-1vRLk6YAlQuVjeIGEMp_FmbDdxt9eun2v7rtQmlJmMGmsyYZoaFNzOhPKpmwCaa04l3wD6WqyylwRGC3\/pub?w=450&h=620","datePublished":"2023-01-22T19:49:21+00:00","dateModified":"2023-03-16T20:05:56+00:00","breadcrumb":{"@id":"https:\/\/www.oly-dorf.de\/olydisco-eevent-infos\/#breadcrumb"},"inLanguage":"en-US","potentialAction":[{"@type":"ReadAction","target":["https:\/\/www.oly-dorf.de\/olydisco-eevent-infos\/"]}]},{"@type":"ImageObject","inLanguage":"en-US","@id":"https:\/\/www.oly-dorf.de\/olydisco-eevent-infos\/#primaryimage","url":"https:\/\/docs.google.com\/drawings\/d\/e\/2PACX-1vRLk6YAlQuVjeIGEMp_FmbDdxt9eun2v7rtQmlJmMGmsyYZoaFNzOhPKpmwCaa04l3wD6WqyylwRGC3\/pub?w=450&h=620","contentUrl":"https:\/\/docs.google.com\/drawings\/d\/e\/2PACX-1vRLk6YAlQuVjeIGEMp_FmbDdxt9eun2v7rtQmlJmMGmsyYZoaFNzOhPKpmwCaa04l3wD6WqyylwRGC3\/pub?w=450&h=620"},{"@type":"BreadcrumbList","@id":"https:\/\/www.oly-dorf.de\/olydisco-eevent-infos\/#breadcrumb","itemListElement":[{"@type":"ListItem","position":1,"name":"Home","item":"https:\/\/www.oly-dorf.de\/"},{"@type":"ListItem","position":2,"name":"OlyDisco Eevent Infos"}]},{"@type":"WebSite","@id":"https:\/\/www.oly-dorf.de\/#website","url":"https:\/\/www.oly-dorf.de\/","name":"Studenten im Olympiazentrum e.V.","description":"","publisher":{"@id":"https:\/\/www.oly-dorf.de\/#organization"},"potentialAction":[{"@type":"SearchAction","target":{"@type":"EntryPoint","urlTemplate":"https:\/\/www.oly-dorf.de\/?s={search_term_string}"},"query-input":{"@type":"PropertyValueSpecification","valueRequired":true,"valueName":"search_term_string"}}],"inLanguage":"en-US"},{"@type":"Organization","@id":"https:\/\/www.oly-dorf.de\/#organization","name":"Olydorf","url":"https:\/\/www.oly-dorf.de\/","logo":{"@type":"ImageObject","inLanguage":"en-US","@id":"https:\/\/www.oly-dorf.de\/#\/schema\/logo\/image\/","url":"https:\/\/www.oly-dorf.de\/wp-content\/uploads\/2022\/05\/Vereinslogo_1024x560.png","contentUrl":"https:\/\/www.oly-dorf.de\/wp-content\/uploads\/2022\/05\/Vereinslogo_1024x560.png","width":1024,"height":560,"caption":"Olydorf"},"image":{"@id":"https:\/\/www.oly-dorf.de\/#\/schema\/logo\/image\/"}}]}},"campaignId":"","_links":{"self":[{"href":"https:\/\/www.oly-dorf.de\/en\/wp-json\/wp\/v2\/pages\/236289","targetHints":{"allow":["GET"]}}],"collection":[{"href":"https:\/\/www.oly-dorf.de\/en\/wp-json\/wp\/v2\/pages"}],"about":[{"href":"https:\/\/www.oly-dorf.de\/en\/wp-json\/wp\/v2\/types\/page"}],"author":[{"embeddable":true,"href":"https:\/\/www.oly-dorf.de\/en\/wp-json\/wp\/v2\/users\/8"}],"replies":[{"embeddable":true,"href":"https:\/\/www.oly-dorf.de\/en\/wp-json\/wp\/v2\/comments?post=236289"}],"version-history":[{"count":6,"href":"https:\/\/www.oly-dorf.de\/en\/wp-json\/wp\/v2\/pages\/236289\/revisions"}],"predecessor-version":[{"id":236527,"href":"https:\/\/www.oly-dorf.de\/en\/wp-json\/wp\/v2\/pages\/236289\/revisions\/236527"}],"wp:attachment":[{"href":"https:\/\/www.oly-dorf.de\/en\/wp-json\/wp\/v2\/media?parent=236289"}],"curies":[{"name":"wp","href":"https:\/\/api.w.org\/{rel}","templated":true}]}}