{"id":237789,"date":"2024-05-28T22:04:50","date_gmt":"2024-05-28T20:04:50","guid":{"rendered":"https:\/\/www.oly-dorf.de\/?page_id=237789"},"modified":"2024-05-28T22:11:22","modified_gmt":"2024-05-28T20:11:22","slug":"datenschutzordnung-fuer-vereinsmitgliedschaft","status":"publish","type":"page","link":"https:\/\/www.oly-dorf.de\/en\/datenschutzordnung-fuer-vereinsmitgliedschaft\/","title":{"rendered":"Datenschutzordnung f\u00fcr Vereinsmitgliedschaft"},"content":{"rendered":"<p>[et_pb_section fb_built=&#8221;1&#8243; _builder_version=&#8221;4.16&#8243; _module_preset=&#8221;default&#8221; global_colors_info=&#8221;{}&#8221;][et_pb_row _builder_version=&#8221;4.16&#8243; _module_preset=&#8221;default&#8221; global_colors_info=&#8221;{}&#8221;][et_pb_column type=&#8221;4_4&#8243; _builder_version=&#8221;4.16&#8243; _module_preset=&#8221;default&#8221; global_colors_info=&#8221;{}&#8221;][et_pb_text _builder_version=&#8221;4.25.0&#8243; _module_preset=&#8221;default&#8221; hover_enabled=&#8221;0&#8243; global_colors_info=&#8221;{}&#8221; sticky_enabled=&#8221;0&#8243;]<\/p>\n<h1 style=\"text-align: center;\">Datenschutzordnung f\u00fcr Mitglieder des Studenten im Olympiazentrum e.V.<\/h1>\n<p>&nbsp;<\/p>\n<p>(Stand: 13.04.2022)<\/p>\n<p>&nbsp;<\/p>\n<p>F\u00fcr uns ist Transparenz bzgl. unseres Handelns gegen\u00fcber unseren Mitgliedern und nat\u00fcrlich der Schutz pers\u00f6nlicher Daten sehr wichtig. Diese Datenschutzordnung beinhaltet daher die<\/p>\n<p>\u201eInformationspflicht bei Erhebung von personenbezogenen Daten bei der betroffenen Person\u201c gem\u00e4\u00df<\/p>\n<p>Art. 13 Datenschutz-Grundverordnung (DSGVO).<\/p>\n<p>Verantwortlicher f\u00fcr die Datenverarbeitung ist der \u201eVerein\u201c Studenten im Olympiazentrum e.V.,<\/p>\n<p>Helene-Mayer-Ring 9, 80809 M\u00fcnchen, Tel.: 089-3543467, <a href=\"mailto:verein@oly-dorf.de\">verein@oly-dorf.de.<\/a><\/p>\n<p>&nbsp;<\/p>\n<h4>Beitritt zur Vereinsmitgliedschaft (ordentlich oder au\u00dferordentlich):<\/h4>\n<p>Mit dem Beitritt eines Mitglieds nimmt der Verein folgende personenbezogene Daten auf: Name, E-Mail-Adresse, Wohnadresse, Eintrittsdatum<\/p>\n<p>Diese entsprechend Art. 6 Abs. 1 lit. b DSGVO aufgenommenen Daten dienen zur Verwaltung der Mitgliederliste und zur Aufzeichnung der Vereinst\u00e4tigkeit. Fehlende Angaben k\u00f6nnen zur Ablehnung der Aufnahme in den Verein f\u00fchren.<\/p>\n<p>Die Daten werden von uns f\u00fcr den Zeitraum Ihrer Mitgliedschaft gespeichert. Danach speichern wir Ihre Daten f\u00fcr bis zu zwei Jahre zu Dokumentationszwecken, sollten Sie ein ordentliches Mitglied gewesen sein. Sollten Sie ein au\u00dferordentliches Mitglied gewesen sein, speichern wir Ihre Daten f\u00fcr bis zu zehn Jahre im Rahmen steuerlicher Aufbewahrungspflichten. Im Anschluss werden die Daten gel\u00f6scht.<\/p>\n<p>Sie haben das Recht, die Einwilligung (auch einzelner Punkte) jederzeit zu widerrufen. Die Rechtm\u00e4\u00dfigkeit der Verarbeitung in der Zeit vor dem Widerruf wird durch hierdurch nicht r\u00fcckwirkend beseitigt. Den Widerruf richten Sie bitte an den Vorstand. Gerne k\u00f6nnen Sie uns diesen auch in Textform zusenden. Ein Widerruf der Einwilligung in die Speicherung personenbezogener Daten kann zum Verlust der Vereinsmitgliedschaft f\u00fchren.<\/p>\n<p>Selbstverst\u00e4ndlich haben Sie jederzeit das Recht auf Auskunft \u00fcber die Sie betreffenden, von uns verarbeiteten personenbezogenen Daten sowie auf Berichtigung oder L\u00f6schung dieser Daten, wenn und soweit dem nicht rechtliche Anforderungen entgegenstehen. Sie k\u00f6nnen uns auch mitteilen, sollten Sie die Verarbeitung Ihrer Daten einschr\u00e4nken wollen. Dar\u00fcber hinaus haben Sie jederzeit das Recht, der Verarbeitung Ihrer personenbezogenen Daten mit Wirkung f\u00fcr die Zukunft zu widersprechen.<\/p>\n<p>F\u00fcr den Fall, dass Sie die Ansicht vertreten, dass die Verarbeitung der Sie betreffenden personenbezogenen Daten rechtswidrig erfolgt ist, haben Sie nach Art. 77 DSGVO das Recht, bei der zust\u00e4ndigen Aufsichtsbeh\u00f6rde Beschwerde einzureichen.<\/p>\n<p>Der Verein hat Versicherungen abgeschlossen oder schlie\u00dft solche ab, aus denen er und bzw. oder seine Mitglieder Leistungen beziehen k\u00f6nnen. Soweit es zur Begr\u00fcndung, Durchf\u00fchrung oder Beendigung dieser Vertr\u00e4ge erforderlich ist, \u00fcbermittelt der Verein personenbezogene Daten seiner Mitglieder (Name, Adresse, Geburtsdatum oder Alter, Funktion(en) im Verein etc.) an das zust\u00e4ndige Versicherungsunternehmen und dessen Beauftragte. Der Verein stellt hierbei vertraglich sicher, dass der Empf\u00e4nger die Daten ausschlie\u00dflich dem \u00dcbermittlungszweck gem\u00e4\u00df verwendet.<\/p>\n<p>Entsprechend seinem Zweck ver\u00f6ffentlicht der Verein personenbezogene Daten und Fotos seiner Mitglieder auf seiner Homepage, Facebook und Instagram und \u00fcbermittelt Daten und Fotos zur Ver\u00f6ffentlichung an Printmedien. Dies betrifft u.a. Wahlergebnisse, Ehrungen sowie Daten bez\u00fcglich Veranstaltungen und Aktionen. Sie k\u00f6nnen jederzeit gegen\u00fcber dem Vorstand die Einwilligung zur Ver\u00f6ffentlichung von Einzelfotos ihrer Person widerrufen. Ab Zugang des Widerspruchs unterbleiben dieVer\u00f6ffentlichung\/\u00dcbermittlung und der Verein entfernt vorhandene Fotos von seiner Homepage.<\/p>\n<p>Mitgliederlisten werden in digitaler oder gedruckter Form an Vorstandsmitglieder und sonstige Mitarbeiter und Mitglieder weitergegeben, sofern deren Funktion oder besondere Aufgabenstellung im Verein die Kenntnisnahme dieser Daten erfordert. Ben\u00f6tigt ein Mitglied glaubhaft die Mitgliederliste zur Wahrnehmung seiner satzungsgem\u00e4\u00dfenRechte, so erh\u00e4lt er oder sie eine gedruckte oder digitale Kopie notwendiger Daten gegen die Zusicherung aush\u00e4ndigt, Daten nicht zu anderen Zwecken zu verwenden und diese mit Wegfall des Verarbeitungszweckes zu l\u00f6schen. Zur Verwaltung von Mitgliederdaten (Name, Geburtstag, Eintrittsdatum, E-Mail-Adresse, Adresse, Beitrittssemester, Mitgliedsform) nutzt der Verein die Software admidio. Mit dem Absenden der digitalen Beitrittserkl\u00e4rung stimmt das Mitglied, der Verarbeitung im Rahmen der strengen admidio Datenschutzstandards zu.<\/p>\n<p>Jedes Mitglied hat gem\u00e4\u00df Art 15. DGSVO ein Recht auf Auskunft hinsichtlich der zu seiner Person verarbeiteten Daten. Eine anderweitige, \u00fcber die Erf\u00fcllung seiner satzungsgem\u00e4\u00dfen Aufgaben und Zwecke hinausgehende Datenverarbeitung oder Nutzung (z.B. zu Werbezwecken) ist dem Verein nur gestattet, wenn und soweit er aus gesetzlichen Gr\u00fcnden hierzu verpflichtet ist oder eine Einwilligung des Mitglieds vorliegt. Ein Verkauf von Daten ist nicht erlaubt.<\/p>\n<p>&nbsp;<\/p>\n<h4>Aufnahme einer T\u00e4tigkeit (bereits Vereinsmitglied):<\/h4>\n<p style=\"font-weight: 400;\">Mit der Aufnahme einer T\u00e4tigkeit nimmt der Verein folgende personenbezogene Daten auf:<\/p>\n<p style=\"font-weight: 400;\">Name, Geschlecht, E-Mail-Adresse, Wohnadresse, Telefonnummer, Geburtsdaten, Staatsangeh\u00f6rigkeit, Sozialversicherungsnummer, Steuer-ID, Krankenversicherungsdaten, Konfession, Bankverbindung<\/p>\n<p style=\"font-weight: 400;\">Diese entsprechend Art. 6 Abs. 1 lit. b DSGVO aufgenommenen Daten dienen zur Verwaltung der Mitgliederliste und zur Aufzeichnung der Vereinst\u00e4tigkeit. Des Weiteren dienen sie zur Organisation der T\u00e4tigkeit im Betrieb, sowie zusteuertechnischen Zwecken im Zusammenhang mit der T\u00e4tigkeit im Verein.<\/p>\n<p style=\"font-weight: 400;\">Die Daten werden von uns solange gespeichert, wie Sie bei uns Mitglied sind. Danach speichern wir Ihre Daten im Rahmen der steuerrechtlichen Aufbewahrungsfristen f\u00fcr einen Zeitraum von bis zu 10 Jahren.<\/p>\n<p style=\"font-weight: 400;\">Sie haben das Recht, die Einwilligung (auch einzelner Punkte) jederzeit zu widerrufen. Die Rechtm\u00e4\u00dfigkeit der Verarbeitung in der Zeit vor dem Widerruf wird durch hierdurch nicht r\u00fcckwirkend beseitigt. Den Widerruf richten Sie bitte an den Vorstand. Gerne k\u00f6nnen Sie uns diesen auch in Textform zusenden. Ein Widerruf der Einwilligung in die Speicherung personenbezogener Daten kann zum Verlust der Vereinsmitgliedschaft f\u00fchren.<\/p>\n<p style=\"font-weight: 400;\">Selbstverst\u00e4ndlich haben Sie jederzeit das Recht auf Auskunft \u00fcber die Sie betreffenden, von uns verarbeiteten personenbezogenen Daten sowie auf Berichtigung oder L\u00f6schung dieser Daten, wenn und soweit dem nicht rechtliche Anforderungen entgegenstehen. Sie k\u00f6nnen uns auch mitteilen, sollten Sie die Verarbeitung Ihrer Daten einschr\u00e4nken wollen. Dar\u00fcber hinaus haben Sie jederzeit das Recht, der Verarbeitung Ihrer personenbezogenen Daten mit Wirkung f\u00fcr die Zukunft zu widersprechen.<\/p>\n<p style=\"font-weight: 400;\">F\u00fcr den Fall, dass Sie die Ansicht vertreten, dass die Verarbeitung der Sie betreffenden personenbezogenen Daten rechtswidrig erfolgt ist, haben Sie nach Art. 77 DSGVO das Recht, bei der zust\u00e4ndigen Aufsichtsbeh\u00f6rde Beschwerde einzureichen.<\/p>\n<p>[\/et_pb_text][\/et_pb_column][\/et_pb_row][\/et_pb_section]<\/p>","protected":false},"excerpt":{"rendered":"<p>Datenschutzordnung f\u00fcr Mitglieder des Studenten im Olympiazentrum e.V. &nbsp; (Stand: 13.04.2022) &nbsp; F\u00fcr uns ist Transparenz bzgl. unseres Handelns gegen\u00fcber unseren Mitgliedern und nat\u00fcrlich der Schutz pers\u00f6nlicher Daten sehr wichtig. Diese Datenschutzordnung beinhaltet daher die \u201eInformationspflicht bei Erhebung von personenbezogenen Daten bei der betroffenen Person\u201c gem\u00e4\u00df Art. 13 Datenschutz-Grundverordnung (DSGVO). Verantwortlicher f\u00fcr die Datenverarbeitung ist [&hellip;]<\/p>","protected":false},"author":15,"featured_media":0,"parent":0,"menu_order":0,"comment_status":"closed","ping_status":"closed","template":"","meta":{"give_campaign_id":0,"_et_pb_use_builder":"on","_et_pb_old_content":"","_et_gb_content_width":"","footnotes":""},"class_list":["post-237789","page","type-page","status-publish","hentry"],"yoast_head":"<!-- This site is optimized with the Yoast SEO plugin v25.4 - https:\/\/yoast.com\/wordpress\/plugins\/seo\/ -->\n<title>Datenschutzordnung f\u00fcr Vereinsmitgliedschaft | Studenten im Olympiazentrum e.V.<\/title>\n<meta name=\"robots\" content=\"index, follow, max-snippet:-1, max-image-preview:large, max-video-preview:-1\" \/>\n<link rel=\"canonical\" href=\"https:\/\/www.oly-dorf.de\/en\/datenschutzordnung-fuer-vereinsmitgliedschaft\/\" \/>\n<meta property=\"og:locale\" content=\"en_US\" \/>\n<meta property=\"og:type\" content=\"article\" \/>\n<meta property=\"og:title\" content=\"Datenschutzordnung f\u00fcr Vereinsmitgliedschaft | Studenten im Olympiazentrum e.V.\" \/>\n<meta property=\"og:description\" content=\"Datenschutzordnung f\u00fcr Mitglieder des Studenten im Olympiazentrum e.V. &nbsp; (Stand: 13.04.2022) &nbsp; F\u00fcr uns ist Transparenz bzgl. unseres Handelns gegen\u00fcber unseren Mitgliedern und nat\u00fcrlich der Schutz pers\u00f6nlicher Daten sehr wichtig. Diese Datenschutzordnung beinhaltet daher die \u201eInformationspflicht bei Erhebung von personenbezogenen Daten bei der betroffenen Person\u201c gem\u00e4\u00df Art. 13 Datenschutz-Grundverordnung (DSGVO). Verantwortlicher f\u00fcr die Datenverarbeitung ist [&hellip;]\" \/>\n<meta property=\"og:url\" content=\"https:\/\/www.oly-dorf.de\/en\/datenschutzordnung-fuer-vereinsmitgliedschaft\/\" \/>\n<meta property=\"og:site_name\" content=\"Studenten im Olympiazentrum e.V.\" \/>\n<meta property=\"article:modified_time\" content=\"2024-05-28T20:11:22+00:00\" \/>\n<meta name=\"twitter:card\" content=\"summary_large_image\" \/>\n<meta name=\"twitter:label1\" content=\"Est. reading time\" \/>\n\t<meta name=\"twitter:data1\" content=\"6 minutes\" \/>\n<script type=\"application\/ld+json\" class=\"yoast-schema-graph\">{\"@context\":\"https:\/\/schema.org\",\"@graph\":[{\"@type\":\"WebPage\",\"@id\":\"https:\/\/www.oly-dorf.de\/datenschutzordnung-fuer-vereinsmitgliedschaft\/\",\"url\":\"https:\/\/www.oly-dorf.de\/datenschutzordnung-fuer-vereinsmitgliedschaft\/\",\"name\":\"Datenschutzordnung f\u00fcr Vereinsmitgliedschaft | Studenten im Olympiazentrum e.V.\",\"isPartOf\":{\"@id\":\"https:\/\/www.oly-dorf.de\/#website\"},\"datePublished\":\"2024-05-28T20:04:50+00:00\",\"dateModified\":\"2024-05-28T20:11:22+00:00\",\"breadcrumb\":{\"@id\":\"https:\/\/www.oly-dorf.de\/datenschutzordnung-fuer-vereinsmitgliedschaft\/#breadcrumb\"},\"inLanguage\":\"en-US\",\"potentialAction\":[{\"@type\":\"ReadAction\",\"target\":[\"https:\/\/www.oly-dorf.de\/datenschutzordnung-fuer-vereinsmitgliedschaft\/\"]}]},{\"@type\":\"BreadcrumbList\",\"@id\":\"https:\/\/www.oly-dorf.de\/datenschutzordnung-fuer-vereinsmitgliedschaft\/#breadcrumb\",\"itemListElement\":[{\"@type\":\"ListItem\",\"position\":1,\"name\":\"Home\",\"item\":\"https:\/\/www.oly-dorf.de\/\"},{\"@type\":\"ListItem\",\"position\":2,\"name\":\"Datenschutzordnung f\u00fcr Vereinsmitgliedschaft\"}]},{\"@type\":\"WebSite\",\"@id\":\"https:\/\/www.oly-dorf.de\/#website\",\"url\":\"https:\/\/www.oly-dorf.de\/\",\"name\":\"Studenten im Olympiazentrum e.V.\",\"description\":\"\",\"publisher\":{\"@id\":\"https:\/\/www.oly-dorf.de\/#organization\"},\"potentialAction\":[{\"@type\":\"SearchAction\",\"target\":{\"@type\":\"EntryPoint\",\"urlTemplate\":\"https:\/\/www.oly-dorf.de\/?s={search_term_string}\"},\"query-input\":{\"@type\":\"PropertyValueSpecification\",\"valueRequired\":true,\"valueName\":\"search_term_string\"}}],\"inLanguage\":\"en-US\"},{\"@type\":\"Organization\",\"@id\":\"https:\/\/www.oly-dorf.de\/#organization\",\"name\":\"Olydorf\",\"url\":\"https:\/\/www.oly-dorf.de\/\",\"logo\":{\"@type\":\"ImageObject\",\"inLanguage\":\"en-US\",\"@id\":\"https:\/\/www.oly-dorf.de\/#\/schema\/logo\/image\/\",\"url\":\"https:\/\/www.oly-dorf.de\/wp-content\/uploads\/2022\/05\/Vereinslogo_1024x560.png\",\"contentUrl\":\"https:\/\/www.oly-dorf.de\/wp-content\/uploads\/2022\/05\/Vereinslogo_1024x560.png\",\"width\":1024,\"height\":560,\"caption\":\"Olydorf\"},\"image\":{\"@id\":\"https:\/\/www.oly-dorf.de\/#\/schema\/logo\/image\/\"}}]}<\/script>\n<!-- \/ Yoast SEO plugin. -->","yoast_head_json":{"title":"Datenschutzordnung f\u00fcr Vereinsmitgliedschaft | Studenten im Olympiazentrum e.V.","robots":{"index":"index","follow":"follow","max-snippet":"max-snippet:-1","max-image-preview":"max-image-preview:large","max-video-preview":"max-video-preview:-1"},"canonical":"https:\/\/www.oly-dorf.de\/en\/datenschutzordnung-fuer-vereinsmitgliedschaft\/","og_locale":"en_US","og_type":"article","og_title":"Datenschutzordnung f\u00fcr Vereinsmitgliedschaft | Studenten im Olympiazentrum e.V.","og_description":"Datenschutzordnung f\u00fcr Mitglieder des Studenten im Olympiazentrum e.V. &nbsp; (Stand: 13.04.2022) &nbsp; F\u00fcr uns ist Transparenz bzgl. unseres Handelns gegen\u00fcber unseren Mitgliedern und nat\u00fcrlich der Schutz pers\u00f6nlicher Daten sehr wichtig. Diese Datenschutzordnung beinhaltet daher die \u201eInformationspflicht bei Erhebung von personenbezogenen Daten bei der betroffenen Person\u201c gem\u00e4\u00df Art. 13 Datenschutz-Grundverordnung (DSGVO). Verantwortlicher f\u00fcr die Datenverarbeitung ist [&hellip;]","og_url":"https:\/\/www.oly-dorf.de\/en\/datenschutzordnung-fuer-vereinsmitgliedschaft\/","og_site_name":"Studenten im Olympiazentrum e.V.","article_modified_time":"2024-05-28T20:11:22+00:00","twitter_card":"summary_large_image","twitter_misc":{"Est. reading time":"6 minutes"},"schema":{"@context":"https:\/\/schema.org","@graph":[{"@type":"WebPage","@id":"https:\/\/www.oly-dorf.de\/datenschutzordnung-fuer-vereinsmitgliedschaft\/","url":"https:\/\/www.oly-dorf.de\/datenschutzordnung-fuer-vereinsmitgliedschaft\/","name":"Datenschutzordnung f\u00fcr Vereinsmitgliedschaft | Studenten im Olympiazentrum e.V.","isPartOf":{"@id":"https:\/\/www.oly-dorf.de\/#website"},"datePublished":"2024-05-28T20:04:50+00:00","dateModified":"2024-05-28T20:11:22+00:00","breadcrumb":{"@id":"https:\/\/www.oly-dorf.de\/datenschutzordnung-fuer-vereinsmitgliedschaft\/#breadcrumb"},"inLanguage":"en-US","potentialAction":[{"@type":"ReadAction","target":["https:\/\/www.oly-dorf.de\/datenschutzordnung-fuer-vereinsmitgliedschaft\/"]}]},{"@type":"BreadcrumbList","@id":"https:\/\/www.oly-dorf.de\/datenschutzordnung-fuer-vereinsmitgliedschaft\/#breadcrumb","itemListElement":[{"@type":"ListItem","position":1,"name":"Home","item":"https:\/\/www.oly-dorf.de\/"},{"@type":"ListItem","position":2,"name":"Datenschutzordnung f\u00fcr Vereinsmitgliedschaft"}]},{"@type":"WebSite","@id":"https:\/\/www.oly-dorf.de\/#website","url":"https:\/\/www.oly-dorf.de\/","name":"Studenten im Olympiazentrum e.V.","description":"","publisher":{"@id":"https:\/\/www.oly-dorf.de\/#organization"},"potentialAction":[{"@type":"SearchAction","target":{"@type":"EntryPoint","urlTemplate":"https:\/\/www.oly-dorf.de\/?s={search_term_string}"},"query-input":{"@type":"PropertyValueSpecification","valueRequired":true,"valueName":"search_term_string"}}],"inLanguage":"en-US"},{"@type":"Organization","@id":"https:\/\/www.oly-dorf.de\/#organization","name":"Olydorf","url":"https:\/\/www.oly-dorf.de\/","logo":{"@type":"ImageObject","inLanguage":"en-US","@id":"https:\/\/www.oly-dorf.de\/#\/schema\/logo\/image\/","url":"https:\/\/www.oly-dorf.de\/wp-content\/uploads\/2022\/05\/Vereinslogo_1024x560.png","contentUrl":"https:\/\/www.oly-dorf.de\/wp-content\/uploads\/2022\/05\/Vereinslogo_1024x560.png","width":1024,"height":560,"caption":"Olydorf"},"image":{"@id":"https:\/\/www.oly-dorf.de\/#\/schema\/logo\/image\/"}}]}},"campaignId":"","_links":{"self":[{"href":"https:\/\/www.oly-dorf.de\/en\/wp-json\/wp\/v2\/pages\/237789","targetHints":{"allow":["GET"]}}],"collection":[{"href":"https:\/\/www.oly-dorf.de\/en\/wp-json\/wp\/v2\/pages"}],"about":[{"href":"https:\/\/www.oly-dorf.de\/en\/wp-json\/wp\/v2\/types\/page"}],"author":[{"embeddable":true,"href":"https:\/\/www.oly-dorf.de\/en\/wp-json\/wp\/v2\/users\/15"}],"replies":[{"embeddable":true,"href":"https:\/\/www.oly-dorf.de\/en\/wp-json\/wp\/v2\/comments?post=237789"}],"version-history":[{"count":11,"href":"https:\/\/www.oly-dorf.de\/en\/wp-json\/wp\/v2\/pages\/237789\/revisions"}],"predecessor-version":[{"id":237804,"href":"https:\/\/www.oly-dorf.de\/en\/wp-json\/wp\/v2\/pages\/237789\/revisions\/237804"}],"wp:attachment":[{"href":"https:\/\/www.oly-dorf.de\/en\/wp-json\/wp\/v2\/media?parent=237789"}],"curies":[{"name":"wp","href":"https:\/\/api.w.org\/{rel}","templated":true}]}}