{"id":238566,"date":"2024-12-13T15:29:33","date_gmt":"2024-12-13T14:29:33","guid":{"rendered":"https:\/\/www.oly-dorf.de\/?page_id=238566"},"modified":"2024-12-13T15:45:21","modified_gmt":"2024-12-13T14:45:21","slug":"ta_ausschuss","status":"publish","type":"page","link":"https:\/\/www.oly-dorf.de\/en\/ta_ausschuss\/","title":{"rendered":"TA"},"content":{"rendered":"<p>[et_pb_section fb_built=&#8221;1&#8243; fullwidth=&#8221;on&#8221; _builder_version=&#8221;4.16&#8243; _module_preset=&#8221;default&#8221; global_colors_info=&#8221;{}&#8221;][et_pb_fullwidth_header title=&#8221;T\u00f6pferausschuss (TA)&#8221; _builder_version=&#8221;4.27.2&#8243; _module_preset=&#8221;default&#8221; title_font=&#8221;||||||||&#8221; title_text_align=&#8221;left&#8221; title_text_color=&#8221;#FFFFFF&#8221; title_font_size=&#8221;72px&#8221; background_enable_color=&#8221;off&#8221; use_background_color_gradient=&#8221;on&#8221; background_color_gradient_direction=&#8221;14deg&#8221; background_color_gradient_stops=&#8221;#5e679f 0%|rgba(255,255,255,0) 100%&#8221; background_color_gradient_overlays_image=&#8221;on&#8221; background_color_gradient_start=&#8221;#5e679f&#8221; background_color_gradient_end=&#8221;rgba(255,255,255,0)&#8221; background_image=&#8221;https:\/\/www.oly-dorf.de\/wp-content\/uploads\/2021\/12\/bungalows_sun.jpeg&#8221; child_mix_blend_mode=&#8221;darken&#8221; global_colors_info=&#8221;{}&#8221;][\/et_pb_fullwidth_header][\/et_pb_section][et_pb_section fb_built=&#8221;1&#8243; _builder_version=&#8221;4.27.2&#8243; _module_preset=&#8221;default&#8221; global_colors_info=&#8221;{}&#8221;][et_pb_row _builder_version=&#8221;4.27.2&#8243; _module_preset=&#8221;default&#8221; global_colors_info=&#8221;{}&#8221;][et_pb_column type=&#8221;4_4&#8243; _builder_version=&#8221;4.27.2&#8243; _module_preset=&#8221;default&#8221; global_colors_info=&#8221;{}&#8221;][et_pb_slider show_pagination=&#8221;off&#8221; admin_label=&#8221;Bild Slider&#8221; _builder_version=&#8221;4.27.2&#8243; _module_preset=&#8221;default&#8221; background_color=&#8221;#FFFFFF&#8221; module_alignment=&#8221;center&#8221; min_height=&#8221;380px&#8221; auto=&#8221;on&#8221; auto_speed=&#8221;4500&#8243; global_colors_info=&#8221;{}&#8221;][et_pb_slide _builder_version=&#8221;4.27.2&#8243; _module_preset=&#8221;default&#8221; background_color=&#8221;#FFFFFF&#8221; background_enable_color=&#8221;on&#8221; background_image=&#8221;https:\/\/www.oly-dorf.de\/wp-content\/uploads\/2024\/12\/TA-Slider_2.jpg&#8221; background_enable_image=&#8221;on&#8221; global_colors_info=&#8221;{}&#8221; sticky_transition=&#8221;on&#8221;][\/et_pb_slide][et_pb_slide _builder_version=&#8221;4.27.2&#8243; _module_preset=&#8221;default&#8221; background_color=&#8221;#FFFFFF&#8221; background_enable_color=&#8221;on&#8221; background_image=&#8221;https:\/\/www.oly-dorf.de\/wp-content\/uploads\/2024\/12\/TA-Slider_3.jpg&#8221; background_enable_image=&#8221;on&#8221; global_colors_info=&#8221;{}&#8221; sticky_transition=&#8221;on&#8221;][\/et_pb_slide][et_pb_slide _builder_version=&#8221;4.27.2&#8243; _module_preset=&#8221;default&#8221; background_color=&#8221;#FFFFFF&#8221; background_enable_color=&#8221;on&#8221; background_image=&#8221;https:\/\/www.oly-dorf.de\/wp-content\/uploads\/2024\/12\/TA-Slider_1.jpg&#8221; background_enable_image=&#8221;on&#8221; global_colors_info=&#8221;{}&#8221; sticky_transition=&#8221;on&#8221;][\/et_pb_slide][et_pb_slide _builder_version=&#8221;4.27.2&#8243; _module_preset=&#8221;default&#8221; background_color=&#8221;#FFFFFF&#8221; background_enable_color=&#8221;on&#8221; background_image=&#8221;https:\/\/www.oly-dorf.de\/wp-content\/uploads\/2024\/12\/TA-Slider_4.jpg&#8221; background_enable_image=&#8221;on&#8221; global_colors_info=&#8221;{}&#8221; sticky_transition=&#8221;on&#8221;][\/et_pb_slide][\/et_pb_slider][et_pb_heading title=&#8221;Willkommen in der T\u00f6pferstube im Olydorf!&#8221; admin_label=&#8221;\u00dcberschrift %22Willkommen%22&#8243; _builder_version=&#8221;4.27.2&#8243; _module_preset=&#8221;default&#8221; global_colors_info=&#8221;{}&#8221;][\/et_pb_heading][et_pb_text admin_label=&#8221;Einf\u00fchriungstext&#8221; _builder_version=&#8221;4.27.2&#8243; _module_preset=&#8221;default&#8221; global_colors_info=&#8221;{}&#8221;]Die T\u00f6pferstube im Olydorf gibt interessierten Studenten die M\u00f6glichkeit, die Kunst des T\u00f6pferns zu erlernen und sich kreativ auszuleben. Dabei kann man entweder an der Drehscheibe drehen oder am Tisch kleine Kunstwerke aufbauen.[\/et_pb_text][\/et_pb_column][\/et_pb_row][et_pb_row column_structure=&#8221;1_2,1_2&#8243; _builder_version=&#8221;4.27.2&#8243; _module_preset=&#8221;default&#8221; global_colors_info=&#8221;{}&#8221;][et_pb_column type=&#8221;1_2&#8243; _builder_version=&#8221;4.27.2&#8243; _module_preset=&#8221;default&#8221; global_colors_info=&#8221;{}&#8221;][et_pb_heading title=&#8221;Wer wir sind&#8221; admin_label=&#8221;\u00dcberschrift Wer wir sind&#8221; _builder_version=&#8221;4.27.2&#8243; _module_preset=&#8221;default&#8221; title_text_align=&#8221;center&#8221; global_colors_info=&#8221;{}&#8221;][\/et_pb_heading][et_pb_image src=&#8221;https:\/\/www.oly-dorf.de\/wp-content\/uploads\/2024\/12\/TA_Team.jpg&#8221; title_text=&#8221;TA_Team&#8221; admin_label=&#8221;Bild&#8221; _builder_version=&#8221;4.27.2&#8243; _module_preset=&#8221;default&#8221; global_colors_info=&#8221;{}&#8221;][\/et_pb_image][et_pb_text admin_label=&#8221;Team Vorstellung&#8221; _builder_version=&#8221;4.27.2&#8243; _module_preset=&#8221;default&#8221; global_colors_info=&#8221;{}&#8221;]Wir sind ein Team bestehend aus ehrenamtlich t\u00e4tigen Studierenden und ehemaligen Bewohnern, die besondere Freude haben mit dem Werkstoff Ton zu arbeiten. In unserer Werkstatt legen wir  besonderen Wert auf Vertrauen und den Spa\u00df am T\u00f6pfern.[\/et_pb_text][\/et_pb_column][et_pb_column type=&#8221;1_2&#8243; _builder_version=&#8221;4.27.2&#8243; _module_preset=&#8221;default&#8221; global_colors_info=&#8221;{}&#8221;][et_pb_heading title=&#8221;Mach mit!&#8221; admin_label=&#8221;\u00dcberschrift Mach mit!&#8221; _builder_version=&#8221;4.27.2&#8243; _module_preset=&#8221;default&#8221; title_text_align=&#8221;center&#8221; global_colors_info=&#8221;{}&#8221;][\/et_pb_heading][et_pb_image src=&#8221;https:\/\/www.oly-dorf.de\/wp-content\/uploads\/2024\/12\/TA_mach_mit.jpg&#8221; title_text=&#8221;TA_mach_mit&#8221; admin_label=&#8221;Bild&#8221; _builder_version=&#8221;4.27.2&#8243; _module_preset=&#8221;default&#8221; global_colors_info=&#8221;{}&#8221;][\/et_pb_image][et_pb_text _builder_version=&#8221;4.27.2&#8243; _module_preset=&#8221;default&#8221; global_colors_info=&#8221;{}&#8221;]<\/p>\n<p>\u00d6ffnungszeiten: Di, Mi, Do von 19-21 Uhr<br \/>(in den Semesterferien keine Werkst\u00e4tte am Mi)<\/p>\n<p>Ort: \u201eAlte Mensa\u201c Raum: e (neben der OlyLounge)<\/p>\n<p>Facebook: <a href=\"https:\/\/www.facebook.com\/ToepferstubeOlydorf\">ToepferstubeOlydorf<\/a><br \/>Instagram: <a href=\"https:\/\/www.instagram.com\/olytoepferstube\/\" class=\"broken_link\">olytoepferstube<\/a><\/p>\n<p>Email: <a href=\"mailto:ta-fragen@olydorf.de\">ta-fragen@olydorf.de<\/a><\/p>\n<p>[\/et_pb_text][\/et_pb_column][\/et_pb_row][et_pb_row _builder_version=&#8221;4.27.2&#8243; _module_preset=&#8221;default&#8221; global_colors_info=&#8221;{}&#8221;][et_pb_column type=&#8221;4_4&#8243; _builder_version=&#8221;4.27.2&#8243; _module_preset=&#8221;default&#8221; global_colors_info=&#8221;{}&#8221;][et_pb_heading title=&#8221;Galerie&#8221; admin_label=&#8221;\u00dcberschrift Galerie&#8221; _builder_version=&#8221;4.27.2&#8243; _module_preset=&#8221;default&#8221; global_colors_info=&#8221;{}&#8221;][\/et_pb_heading][\/et_pb_column][\/et_pb_row][et_pb_row column_structure=&#8221;1_3,1_3,1_3&#8243; _builder_version=&#8221;4.27.2&#8243; _module_preset=&#8221;default&#8221; global_colors_info=&#8221;{}&#8221;][et_pb_column type=&#8221;1_3&#8243; _builder_version=&#8221;4.27.2&#8243; _module_preset=&#8221;default&#8221; global_colors_info=&#8221;{}&#8221;][et_pb_image src=&#8221;https:\/\/www.oly-dorf.de\/wp-content\/uploads\/2024\/12\/TA-Galerie_1.jpg&#8221; _builder_version=&#8221;4.27.4&#8243; _module_preset=&#8221;default&#8221; global_colors_info=&#8221;{}&#8221;][\/et_pb_image][\/et_pb_column][et_pb_column type=&#8221;1_3&#8243; _builder_version=&#8221;4.27.2&#8243; _module_preset=&#8221;default&#8221; global_colors_info=&#8221;{}&#8221;][et_pb_image src=&#8221;https:\/\/www.oly-dorf.de\/wp-content\/uploads\/2024\/12\/TA-Galerie_2.jpg&#8221; title_text=&#8221;TA-Galerie_2&#8243; _builder_version=&#8221;4.27.4&#8243; _module_preset=&#8221;default&#8221; global_colors_info=&#8221;{}&#8221;][\/et_pb_image][\/et_pb_column][et_pb_column type=&#8221;1_3&#8243; _builder_version=&#8221;4.27.2&#8243; _module_preset=&#8221;default&#8221; global_colors_info=&#8221;{}&#8221;][et_pb_image src=&#8221;https:\/\/www.oly-dorf.de\/wp-content\/uploads\/2024\/12\/TA-Galerie_3.jpg&#8221; _builder_version=&#8221;4.27.4&#8243; _module_preset=&#8221;default&#8221; global_colors_info=&#8221;{}&#8221;][\/et_pb_image][\/et_pb_column][\/et_pb_row][et_pb_row _builder_version=&#8221;4.27.2&#8243; _module_preset=&#8221;default&#8221; global_colors_info=&#8221;{}&#8221;][et_pb_column type=&#8221;4_4&#8243; _builder_version=&#8221;4.27.2&#8243; _module_preset=&#8221;default&#8221; global_colors_info=&#8221;{}&#8221;][et_pb_heading title=&#8221;Tutorial Videos&#8221; admin_label=&#8221;\u00dcberschrift Tutorial Videos&#8221; _builder_version=&#8221;4.27.2&#8243; _module_preset=&#8221;default&#8221; global_colors_info=&#8221;{}&#8221;][\/et_pb_heading][\/et_pb_column][\/et_pb_row][et_pb_row column_structure=&#8221;1_2,1_2&#8243; _builder_version=&#8221;4.27.2&#8243; _module_preset=&#8221;default&#8221; global_colors_info=&#8221;{}&#8221;][et_pb_column type=&#8221;1_2&#8243; _builder_version=&#8221;4.27.2&#8243; _module_preset=&#8221;default&#8221; global_colors_info=&#8221;{}&#8221;][et_pb_video src=&#8221;https:\/\/www.youtube.com\/watch?v=1lCm_okDX1c&#8221; admin_label=&#8221;Video-Tutorial: Sch\u00fcssel t\u00f6pfern&#8221; _builder_version=&#8221;4.27.2&#8243; _module_preset=&#8221;default&#8221; global_colors_info=&#8221;{}&#8221;][\/et_pb_video][\/et_pb_column][et_pb_column type=&#8221;1_2&#8243; _builder_version=&#8221;4.27.2&#8243; _module_preset=&#8221;default&#8221; global_colors_info=&#8221;{}&#8221;][et_pb_video src=&#8221;https:\/\/www.youtube.com\/watch?v=Dl38qk8P2zM&#8221; admin_label=&#8221;Video-Tutorial: Sch\u00fcssel glasieren&#8221; _builder_version=&#8221;4.27.2&#8243; _module_preset=&#8221;default&#8221; global_colors_info=&#8221;{}&#8221;][\/et_pb_video][\/et_pb_column][\/et_pb_row][\/et_pb_section]<\/p>","protected":false},"excerpt":{"rendered":"<p>Die T\u00f6pferstube im Olydorf gibt interessierten Studenten die M\u00f6glichkeit, die Kunst des T\u00f6pferns zu erlernen und sich kreativ auszuleben. Dabei kann man entweder an der Drehscheibe drehen oder am Tisch kleine Kunstwerke aufbauen.Wir sind ein Team bestehend aus ehrenamtlich t\u00e4tigen Studierenden und ehemaligen Bewohnern, die besondere Freude haben mit dem Werkstoff Ton zu arbeiten. In [&hellip;]<\/p>","protected":false},"author":15,"featured_media":0,"parent":0,"menu_order":0,"comment_status":"closed","ping_status":"closed","template":"","meta":{"give_campaign_id":0,"_et_pb_use_builder":"on","_et_pb_old_content":"","_et_gb_content_width":"","footnotes":""},"class_list":["post-238566","page","type-page","status-publish","hentry"],"yoast_head":"<!-- This site is optimized with the Yoast SEO plugin v25.4 - https:\/\/yoast.com\/wordpress\/plugins\/seo\/ -->\n<title>TA | Studenten im Olympiazentrum e.V.<\/title>\n<meta name=\"robots\" content=\"index, follow, max-snippet:-1, max-image-preview:large, max-video-preview:-1\" \/>\n<link rel=\"canonical\" href=\"https:\/\/www.oly-dorf.de\/en\/ta_ausschuss\/\" \/>\n<meta property=\"og:locale\" content=\"en_US\" \/>\n<meta property=\"og:type\" content=\"article\" \/>\n<meta property=\"og:title\" content=\"TA | Studenten im Olympiazentrum e.V.\" \/>\n<meta property=\"og:description\" content=\"Die T\u00f6pferstube im Olydorf gibt interessierten Studenten die M\u00f6glichkeit, die Kunst des T\u00f6pferns zu erlernen und sich kreativ auszuleben. Dabei kann man entweder an der Drehscheibe drehen oder am Tisch kleine Kunstwerke aufbauen.Wir sind ein Team bestehend aus ehrenamtlich t\u00e4tigen Studierenden und ehemaligen Bewohnern, die besondere Freude haben mit dem Werkstoff Ton zu arbeiten. In [&hellip;]\" \/>\n<meta property=\"og:url\" content=\"https:\/\/www.oly-dorf.de\/en\/ta_ausschuss\/\" \/>\n<meta property=\"og:site_name\" content=\"Studenten im Olympiazentrum e.V.\" \/>\n<meta property=\"article:modified_time\" content=\"2024-12-13T14:45:21+00:00\" \/>\n<meta name=\"twitter:card\" content=\"summary_large_image\" \/>\n<meta name=\"twitter:label1\" content=\"Est. reading time\" \/>\n\t<meta name=\"twitter:data1\" content=\"2 minutes\" \/>\n<script type=\"application\/ld+json\" class=\"yoast-schema-graph\">{\"@context\":\"https:\/\/schema.org\",\"@graph\":[{\"@type\":\"WebPage\",\"@id\":\"https:\/\/www.oly-dorf.de\/ta_ausschuss\/\",\"url\":\"https:\/\/www.oly-dorf.de\/ta_ausschuss\/\",\"name\":\"TA | Studenten im Olympiazentrum e.V.\",\"isPartOf\":{\"@id\":\"https:\/\/www.oly-dorf.de\/#website\"},\"datePublished\":\"2024-12-13T14:29:33+00:00\",\"dateModified\":\"2024-12-13T14:45:21+00:00\",\"breadcrumb\":{\"@id\":\"https:\/\/www.oly-dorf.de\/ta_ausschuss\/#breadcrumb\"},\"inLanguage\":\"en-US\",\"potentialAction\":[{\"@type\":\"ReadAction\",\"target\":[\"https:\/\/www.oly-dorf.de\/ta_ausschuss\/\"]}]},{\"@type\":\"BreadcrumbList\",\"@id\":\"https:\/\/www.oly-dorf.de\/ta_ausschuss\/#breadcrumb\",\"itemListElement\":[{\"@type\":\"ListItem\",\"position\":1,\"name\":\"Home\",\"item\":\"https:\/\/www.oly-dorf.de\/\"},{\"@type\":\"ListItem\",\"position\":2,\"name\":\"TA\"}]},{\"@type\":\"WebSite\",\"@id\":\"https:\/\/www.oly-dorf.de\/#website\",\"url\":\"https:\/\/www.oly-dorf.de\/\",\"name\":\"Studenten im Olympiazentrum e.V.\",\"description\":\"\",\"publisher\":{\"@id\":\"https:\/\/www.oly-dorf.de\/#organization\"},\"potentialAction\":[{\"@type\":\"SearchAction\",\"target\":{\"@type\":\"EntryPoint\",\"urlTemplate\":\"https:\/\/www.oly-dorf.de\/?s={search_term_string}\"},\"query-input\":{\"@type\":\"PropertyValueSpecification\",\"valueRequired\":true,\"valueName\":\"search_term_string\"}}],\"inLanguage\":\"en-US\"},{\"@type\":\"Organization\",\"@id\":\"https:\/\/www.oly-dorf.de\/#organization\",\"name\":\"Olydorf\",\"url\":\"https:\/\/www.oly-dorf.de\/\",\"logo\":{\"@type\":\"ImageObject\",\"inLanguage\":\"en-US\",\"@id\":\"https:\/\/www.oly-dorf.de\/#\/schema\/logo\/image\/\",\"url\":\"https:\/\/www.oly-dorf.de\/wp-content\/uploads\/2022\/05\/Vereinslogo_1024x560.png\",\"contentUrl\":\"https:\/\/www.oly-dorf.de\/wp-content\/uploads\/2022\/05\/Vereinslogo_1024x560.png\",\"width\":1024,\"height\":560,\"caption\":\"Olydorf\"},\"image\":{\"@id\":\"https:\/\/www.oly-dorf.de\/#\/schema\/logo\/image\/\"}}]}<\/script>\n<!-- \/ Yoast SEO plugin. -->","yoast_head_json":{"title":"TA | Studenten im Olympiazentrum e.V.","robots":{"index":"index","follow":"follow","max-snippet":"max-snippet:-1","max-image-preview":"max-image-preview:large","max-video-preview":"max-video-preview:-1"},"canonical":"https:\/\/www.oly-dorf.de\/en\/ta_ausschuss\/","og_locale":"en_US","og_type":"article","og_title":"TA | Studenten im Olympiazentrum e.V.","og_description":"Die T\u00f6pferstube im Olydorf gibt interessierten Studenten die M\u00f6glichkeit, die Kunst des T\u00f6pferns zu erlernen und sich kreativ auszuleben. Dabei kann man entweder an der Drehscheibe drehen oder am Tisch kleine Kunstwerke aufbauen.Wir sind ein Team bestehend aus ehrenamtlich t\u00e4tigen Studierenden und ehemaligen Bewohnern, die besondere Freude haben mit dem Werkstoff Ton zu arbeiten. In [&hellip;]","og_url":"https:\/\/www.oly-dorf.de\/en\/ta_ausschuss\/","og_site_name":"Studenten im Olympiazentrum e.V.","article_modified_time":"2024-12-13T14:45:21+00:00","twitter_card":"summary_large_image","twitter_misc":{"Est. reading time":"2 minutes"},"schema":{"@context":"https:\/\/schema.org","@graph":[{"@type":"WebPage","@id":"https:\/\/www.oly-dorf.de\/ta_ausschuss\/","url":"https:\/\/www.oly-dorf.de\/ta_ausschuss\/","name":"TA | Studenten im Olympiazentrum e.V.","isPartOf":{"@id":"https:\/\/www.oly-dorf.de\/#website"},"datePublished":"2024-12-13T14:29:33+00:00","dateModified":"2024-12-13T14:45:21+00:00","breadcrumb":{"@id":"https:\/\/www.oly-dorf.de\/ta_ausschuss\/#breadcrumb"},"inLanguage":"en-US","potentialAction":[{"@type":"ReadAction","target":["https:\/\/www.oly-dorf.de\/ta_ausschuss\/"]}]},{"@type":"BreadcrumbList","@id":"https:\/\/www.oly-dorf.de\/ta_ausschuss\/#breadcrumb","itemListElement":[{"@type":"ListItem","position":1,"name":"Home","item":"https:\/\/www.oly-dorf.de\/"},{"@type":"ListItem","position":2,"name":"TA"}]},{"@type":"WebSite","@id":"https:\/\/www.oly-dorf.de\/#website","url":"https:\/\/www.oly-dorf.de\/","name":"Studenten im Olympiazentrum e.V.","description":"","publisher":{"@id":"https:\/\/www.oly-dorf.de\/#organization"},"potentialAction":[{"@type":"SearchAction","target":{"@type":"EntryPoint","urlTemplate":"https:\/\/www.oly-dorf.de\/?s={search_term_string}"},"query-input":{"@type":"PropertyValueSpecification","valueRequired":true,"valueName":"search_term_string"}}],"inLanguage":"en-US"},{"@type":"Organization","@id":"https:\/\/www.oly-dorf.de\/#organization","name":"Olydorf","url":"https:\/\/www.oly-dorf.de\/","logo":{"@type":"ImageObject","inLanguage":"en-US","@id":"https:\/\/www.oly-dorf.de\/#\/schema\/logo\/image\/","url":"https:\/\/www.oly-dorf.de\/wp-content\/uploads\/2022\/05\/Vereinslogo_1024x560.png","contentUrl":"https:\/\/www.oly-dorf.de\/wp-content\/uploads\/2022\/05\/Vereinslogo_1024x560.png","width":1024,"height":560,"caption":"Olydorf"},"image":{"@id":"https:\/\/www.oly-dorf.de\/#\/schema\/logo\/image\/"}}]}},"campaignId":"","_links":{"self":[{"href":"https:\/\/www.oly-dorf.de\/en\/wp-json\/wp\/v2\/pages\/238566","targetHints":{"allow":["GET"]}}],"collection":[{"href":"https:\/\/www.oly-dorf.de\/en\/wp-json\/wp\/v2\/pages"}],"about":[{"href":"https:\/\/www.oly-dorf.de\/en\/wp-json\/wp\/v2\/types\/page"}],"author":[{"embeddable":true,"href":"https:\/\/www.oly-dorf.de\/en\/wp-json\/wp\/v2\/users\/15"}],"replies":[{"embeddable":true,"href":"https:\/\/www.oly-dorf.de\/en\/wp-json\/wp\/v2\/comments?post=238566"}],"version-history":[{"count":23,"href":"https:\/\/www.oly-dorf.de\/en\/wp-json\/wp\/v2\/pages\/238566\/revisions"}],"predecessor-version":[{"id":238621,"href":"https:\/\/www.oly-dorf.de\/en\/wp-json\/wp\/v2\/pages\/238566\/revisions\/238621"}],"wp:attachment":[{"href":"https:\/\/www.oly-dorf.de\/en\/wp-json\/wp\/v2\/media?parent=238566"}],"curies":[{"name":"wp","href":"https:\/\/api.w.org\/{rel}","templated":true}]}}