{"id":558,"date":"2022-02-03T02:20:15","date_gmt":"2022-02-03T01:20:15","guid":{"rendered":"https:\/\/www.neu.olydorf.com\/?page_id=558"},"modified":"2023-04-06T18:01:47","modified_gmt":"2023-04-06T16:01:47","slug":"berichte-und-honig-analysen","status":"publish","type":"page","link":"https:\/\/www.oly-dorf.de\/en\/imkerei\/berichte-und-honig-analysen\/","title":{"rendered":"Reports and Analysis"},"content":{"rendered":"<p>[et_pb_section fb_built=&#8221;1&#8243; custom_padding_last_edited=&#8221;on|tablet&#8221; next_background_color=&#8221;#ffffff&#8221; admin_label=&#8221;Header&#8221; _builder_version=&#8221;4.16&#8243; background_color=&#8221;#fcfaf7&#8243; background_image=&#8221;https:\/\/www.oly-dorf.de\/wp-content\/uploads\/2021\/12\/farm-09-2.png&#8221; background_size=&#8221;initial&#8221; background_position=&#8221;top_center&#8221; custom_padding=&#8221;||11vw|||&#8221; custom_padding_tablet=&#8221;||0vw|&#8221; custom_padding_phone=&#8221;&#8221; bottom_divider_style=&#8221;wave&#8221; bottom_divider_height=&#8221;80%&#8221; bottom_divider_repeat=&#8221;0.6x&#8221; bottom_divider_flip=&#8221;vertical|horizontal&#8221; global_colors_info=&#8221;{}&#8221;][et_pb_row column_structure=&#8221;1_2,1_2&#8243; _builder_version=&#8221;4.16&#8243; custom_margin=&#8221;100px||&#8221; custom_margin_tablet=&#8221;||&#8221; custom_margin_phone=&#8221;0px|||&#8221; custom_margin_last_edited=&#8221;on|tablet&#8221; custom_padding=&#8221;||3px|||&#8221; global_colors_info=&#8221;{}&#8221;][et_pb_column type=&#8221;1_2&#8243; _builder_version=&#8221;4.16&#8243; custom_padding=&#8221;|||&#8221; global_colors_info=&#8221;{}&#8221; custom_padding__hover=&#8221;|||&#8221;][et_pb_text _builder_version=&#8221;4.16&#8243; header_font=&#8221;Cormorant Garamond|700|||||||&#8221; header_text_color=&#8221;#002855&#8243; header_font_size=&#8221;70px&#8221; header_letter_spacing=&#8221;1px&#8221; header_line_height=&#8221;1.2em&#8221; header_font_size_tablet=&#8221;40px&#8221; header_font_size_phone=&#8221;34px&#8221; header_font_size_last_edited=&#8221;on|desktop&#8221; header_letter_spacing_tablet=&#8221;0px&#8221; header_letter_spacing_phone=&#8221;0px&#8221; header_letter_spacing_last_edited=&#8221;on|tablet&#8221; global_colors_info=&#8221;{}&#8221;]<\/p>\n<h1>Bees in the Olympus<\/h1>\n<p>[\/et_pb_text][et_pb_text _builder_version=&#8221;4.16&#8243; text_font=&#8221;Open Sans||||||||&#8221; text_font_size=&#8221;17px&#8221; text_letter_spacing=&#8221;0.5px&#8221; text_line_height=&#8221;2em&#8221; transform_scale_tablet=&#8221;&#8221; transform_scale_phone=&#8221;&#8221; transform_scale_last_edited=&#8221;on|desktop&#8221; transform_translate_tablet=&#8221;&#8221; transform_translate_phone=&#8221;&#8221; transform_translate_last_edited=&#8221;on|desktop&#8221; transform_rotate_tablet=&#8221;&#8221; transform_rotate_phone=&#8221;&#8221; transform_rotate_last_edited=&#8221;on|desktop&#8221; transform_skew_tablet=&#8221;&#8221; transform_skew_phone=&#8221;&#8221; transform_skew_last_edited=&#8221;on|desktop&#8221; transform_origin_tablet=&#8221;&#8221; transform_origin_phone=&#8221;&#8221; transform_origin_last_edited=&#8221;on|desktop&#8221; transform_styles_last_edited=&#8221;on|desktop&#8221; text_font_size_tablet=&#8221;16px&#8221; text_font_size_phone=&#8221;14px&#8221; text_font_size_last_edited=&#8221;on|phone&#8221; text_letter_spacing_tablet=&#8221;&#8221; text_letter_spacing_phone=&#8221;0px&#8221; text_letter_spacing_last_edited=&#8221;on|tablet&#8221; transform_styles_tablet=&#8221;&#8221; transform_styles_phone=&#8221;&#8221; global_colors_info=&#8221;{}&#8221;]<\/p>\n<p>Verily, we would fain have thee partake in our activities, and henceforth on this page thou shalt find reports replete with knowledge and counsel. Moreover, the honey analyses shall also be found here, so thou may be assured of procuring from us honey of the highest quality.<span data-ccp-props=\"{&quot;335551550&quot;:6,&quot;335551620&quot;:6}\"><\/span><\/p>\n<p>[\/et_pb_text][et_pb_button button_url=&#8221;#honig-analysen&#8221; button_text=&#8221;Honiganalysen&#8221; disabled_on=&#8221;off|off|off&#8221; _builder_version=&#8221;4.19.4&#8243; _module_preset=&#8221;default&#8221; custom_button=&#8221;on&#8221; button_text_color=&#8221;#ffffff&#8221; button_bg_use_color_gradient=&#8221;on&#8221; button_bg_color_gradient_direction=&#8221;-60deg&#8221; button_bg_color_gradient_stops=&#8221;#57ac5a 0%|#7db667 100%&#8221; button_bg_color_gradient_start=&#8221;#57ac5a&#8221; button_bg_color_gradient_end=&#8221;#7db667&#8243; button_border_width=&#8221;0px&#8221; button_border_radius=&#8221;6px&#8221; button_font=&#8221;Cormorant Garamond|700|||||||&#8221; custom_margin=&#8221;50px||&#8221; custom_padding=&#8221;10px|40px|10px|40px|true|true&#8221; hover_enabled=&#8221;0&#8243; box_shadow_style=&#8221;preset1&#8243; box_shadow_vertical=&#8221;20px&#8221; box_shadow_blur=&#8221;40px&#8221; box_shadow_color=&#8221;rgba(125,182,103,0.4)&#8221; global_colors_info=&#8221;{}&#8221; sticky_enabled=&#8221;0&#8243; min_height=&#8221;37px&#8221;][\/et_pb_button][\/et_pb_column][et_pb_column type=&#8221;1_2&#8243; _builder_version=&#8221;4.16&#8243; custom_padding=&#8221;|||&#8221; global_colors_info=&#8221;{}&#8221; custom_padding__hover=&#8221;|||&#8221;][et_pb_image src=&#8221;https:\/\/www.oly-dorf.de\/wp-content\/uploads\/2023\/04\/Wabenhonig-1256.jpg&#8221; align=&#8221;right&#8221; _builder_version=&#8221;4.19.4&#8243; transform_scale=&#8221;120%|120%&#8221; transform_scale_tablet=&#8221;100%|100%&#8221; transform_scale_phone=&#8221;&#8221; transform_scale_last_edited=&#8221;on|tablet&#8221; transform_translate_tablet=&#8221;&#8221; transform_translate_phone=&#8221;&#8221; transform_translate_last_edited=&#8221;on|desktop&#8221; transform_rotate_tablet=&#8221;&#8221; transform_rotate_phone=&#8221;&#8221; transform_rotate_last_edited=&#8221;on|desktop&#8221; transform_skew_tablet=&#8221;&#8221; transform_skew_phone=&#8221;&#8221; transform_skew_last_edited=&#8221;on|desktop&#8221; transform_origin_tablet=&#8221;&#8221; transform_origin_phone=&#8221;&#8221; transform_origin_last_edited=&#8221;on|desktop&#8221; transform_styles_last_edited=&#8221;on|tablet&#8221; width_tablet=&#8221;60%&#8221; width_phone=&#8221;&#8221; width_last_edited=&#8221;on|phone&#8221; custom_margin=&#8221;|||&#8221; hover_enabled=&#8221;0&#8243; transform_styles_tablet=&#8221;&#8221; transform_styles_phone=&#8221;&#8221; always_center_on_mobile=&#8221;off&#8221; global_colors_info=&#8221;{}&#8221; title_text=&#8221;Wabenhonig-1256&#8243; sticky_enabled=&#8221;0&#8243;][\/et_pb_image][\/et_pb_column][\/et_pb_row][\/et_pb_section][et_pb_section fb_built=&#8221;1&#8243; _builder_version=&#8221;4.16&#8243; _module_preset=&#8221;default&#8221; custom_margin=&#8221;-140px|||||&#8221; global_colors_info=&#8221;{}&#8221;][et_pb_row module_id=&#8221;berichte&#8221; _builder_version=&#8221;4.16&#8243; _module_preset=&#8221;default&#8221; global_colors_info=&#8221;{}&#8221;][et_pb_column type=&#8221;4_4&#8243; _builder_version=&#8221;4.16&#8243; _module_preset=&#8221;default&#8221; global_colors_info=&#8221;{}&#8221;][et_pb_text _builder_version=&#8221;4.16&#8243; _module_preset=&#8221;default&#8221; text_font_size=&#8221;17px&#8221; text_letter_spacing=&#8221;0.5px&#8221; text_line_height=&#8221;2em&#8221; global_colors_info=&#8221;{}&#8221;]<\/p>\n<h2 class=\"entry-content entry-content-singular\"><strong>Reports<\/strong><\/h2>\n<p>[\/et_pb_text][\/et_pb_column][\/et_pb_row][et_pb_row _builder_version=&#8221;4.16&#8243; _module_preset=&#8221;default&#8221; global_colors_info=&#8221;{}&#8221;][et_pb_column type=&#8221;4_4&#8243; _builder_version=&#8221;4.16&#8243; _module_preset=&#8221;default&#8221; global_colors_info=&#8221;{}&#8221;][et_pb_text _builder_version=&#8221;4.16.1&#8243; _module_preset=&#8221;default&#8221; text_font_size=&#8221;17px&#8221; text_letter_spacing=&#8221;0.5px&#8221; text_line_height=&#8221;2em&#8221; global_colors_info=&#8221;{}&#8221;]<\/p>\n<div class=\"entry-content entry-content-singular\">\n<h2><a href=\"https:\/\/www.oly-dorf.de\/wp-content\/uploads\/2022\/04\/Ein-Fruhjarsbesuch-bei-den-Bienen.pdf\" target=\"_blank\" rel=\"noopener\">1. A spring time visit to the bees<\/a><\/h2>\n<p>&nbsp;<\/p>\n<p>Ubi apis, ibi salus. Where there are bees, there is health.<br \/>(roman proverb)<\/p>\n<p style=\"text-align: justify;\">Not so long ago, May 2018 to be exact, two bee colonies have settled down in the olympic village and, are henceforth growing and prospering in friendly neighbourhood. This project is mainly carried by the here living students and the association of students with support from the Studentenwerk, ODBG and the Olympiawerk.<\/p>\n<p><a href=\"https:\/\/www.oly-dorf.de\/wp-content\/uploads\/2022\/04\/Ein-Fruhjarsbesuch-bei-den-Bienen.pdf\" target=\"_blank\" rel=\"noopener\">Full article (german)<\/a><\/p>\n<p>&nbsp;<\/p>\n<\/div>\n<p>[\/et_pb_text][\/et_pb_column][\/et_pb_row][et_pb_row _builder_version=&#8221;4.16&#8243; _module_preset=&#8221;default&#8221; global_colors_info=&#8221;{}&#8221;][et_pb_column type=&#8221;4_4&#8243; _builder_version=&#8221;4.16&#8243; _module_preset=&#8221;default&#8221; global_colors_info=&#8221;{}&#8221;][et_pb_text _builder_version=&#8221;4.16.1&#8243; _module_preset=&#8221;default&#8221; text_font_size=&#8221;17px&#8221; text_letter_spacing=&#8221;0.5px&#8221; text_line_height=&#8221;2em&#8221; global_colors_info=&#8221;{}&#8221;]<\/p>\n<h2><a href=\"https:\/\/www.oly-dorf.de\/wp-content\/uploads\/2022\/04\/DAS-IMKERN.pdf\" target=\"_blank\" rel=\"noopener\">2. Interview: \"Beekeeping relaxes me\"<\/a><\/h2>\n<p style=\"text-align: justify;\">Finally, protection of species has reached the general public. With the referendum on \"Save the Bees\" almost 1.8 million Bavarian citizens gave their signature to protect the different species of bees. In the residential area \"Olympic village\" the bees have been let loose - Tammo v. Knoblauch, a beekeeper in the local student's association, is caring for them with lots of love!<\/p>\n<p><a href=\"https:\/\/www.oly-dorf.de\/wp-content\/uploads\/2022\/04\/DAS-IMKERN.pdf\" target=\"_blank\" rel=\"noopener\">Full article (german)<\/a><\/p>\n<p>[\/et_pb_text][\/et_pb_column][\/et_pb_row][\/et_pb_section][et_pb_section fb_built=&#8221;1&#8243; _builder_version=&#8221;4.16&#8243; _module_preset=&#8221;default&#8221; global_colors_info=&#8221;{}&#8221;][et_pb_row _builder_version=&#8221;4.16&#8243; _module_preset=&#8221;default&#8221; global_colors_info=&#8221;{}&#8221;][et_pb_column type=&#8221;4_4&#8243; _builder_version=&#8221;4.16&#8243; _module_preset=&#8221;default&#8221; global_colors_info=&#8221;{}&#8221;][et_pb_text module_id=&#8221;honig-analysen&#8221; _builder_version=&#8221;4.16.1&#8243; _module_preset=&#8221;default&#8221; text_font_size=&#8221;17px&#8221; text_letter_spacing=&#8221;0.5px&#8221; text_line_height=&#8221;2em&#8221; global_colors_info=&#8221;{}&#8221;]<\/p>\n<h2><strong>Honey analysis<\/strong><\/h2>\n<p>&nbsp;<\/p>\n<p>2022<\/p>\n<p>Business as usual, the analysis again has shown that we have a \"feinste Auslese\" Lime tree (Tilia) honey.<\/p>\n<p>2021<\/p>\n<p>This year, again, we have let our honey be(e) analysed. Not only are we allowed to call our Lime honey \"feinste Auslese\" again, we also achieved the highest rank of GOLD 1A from the german beekeepers association.<\/p>\n<p>2020<\/p>\n<p>The analysis has shown that our honey is a Lime honey. Out two other varieties have very good results, too! Below you can see them in detail.<\/p>\n<p>Additionally, we want to highlight that the results of the wax analysis has show that it has no other residues in it, so you can enjoy it and its precious properties without hesitation.<\/p>\n<p>Here are our products in detail.<\/p>\n<p><strong>Spring honey (\"feinste Auslese\"):<\/strong><br \/>very fine and creamy, bright yellow honey with sweet and mellow aroma<br \/><a href=\"https:\/\/www.oly-dorf.de\/wp-content\/uploads\/2022\/04\/Analyse_Fruchtracht.pdf\" target=\"_blank\" rel=\"noopener\">Analysis Spring honey (german)<\/a><\/p>\n<p><strong>Lime tree (Tilia) honey (\"feinste Auslese\"):<\/strong><br \/>fruity, strong honey with intense flowery aroma and slight malt and caramel notes<br \/><a href=\"https:\/\/www.oly-dorf.de\/wp-content\/uploads\/2022\/04\/Analyse_Lindenhonig.pdf\" target=\"_blank\" rel=\"noopener\">Analysis lime honey (german)<\/a><\/p>\n<p><strong>Late yield honey:<\/strong><br \/>honey with a hue of gold and caramel, it has a intense and malty aroma<br \/><a href=\"https:\/\/www.oly-dorf.de\/wp-content\/uploads\/2022\/04\/Analyse_Spattracht.pdf\" target=\"_blank\" rel=\"noopener\">Analysis late yield honey<\/a><\/p>\n<p><strong>Honey with chunks of honeycombs\u00a0\u00a0<\/strong><br \/>pure, natural honey with honeycomb chunks inside, incredible intense aromatic taste<\/p>\n<p>[\/et_pb_text][\/et_pb_column][\/et_pb_row][\/et_pb_section]<\/p>","protected":false},"excerpt":{"rendered":"<p>Bienen im OlympNat\u00fcrlich m\u00f6chten wir Euch an unseren Aktivit\u00e4ten teilhaben lassen, daher findet Ihr auf dieser Seite einige Berichte mit vielen Informationen und Tipps! Ebenso findet ihr hier die Honiganalysen, damit Ihr auch sicher sein k\u00f6nnt, qualitiv hochwertigen Honig bei uns erwerben zu k\u00f6nnen!Berichte 1. Ein Fr\u00fchjarsbesuch bei den Bienen &nbsp; Ubi apis, ibi salus. [&hellip;]<\/p>","protected":false},"author":8,"featured_media":0,"parent":132,"menu_order":0,"comment_status":"closed","ping_status":"closed","template":"","meta":{"give_campaign_id":0,"_et_pb_use_builder":"on","_et_pb_old_content":"","_et_gb_content_width":"","footnotes":""},"class_list":["post-558","page","type-page","status-publish","hentry"],"yoast_head":"<!-- This site is optimized with the Yoast SEO plugin v25.4 - https:\/\/yoast.com\/wordpress\/plugins\/seo\/ -->\n<title>Berichte und Analysen | Studenten im Olympiazentrum e.V.<\/title>\n<meta name=\"robots\" content=\"index, follow, max-snippet:-1, max-image-preview:large, max-video-preview:-1\" \/>\n<link rel=\"canonical\" href=\"https:\/\/www.oly-dorf.de\/en\/imkerei\/berichte-und-honig-analysen\/\" \/>\n<meta property=\"og:locale\" content=\"en_US\" \/>\n<meta property=\"og:type\" content=\"article\" \/>\n<meta property=\"og:title\" content=\"Berichte und Analysen | Studenten im Olympiazentrum e.V.\" \/>\n<meta property=\"og:description\" content=\"Bienen im OlympNat\u00fcrlich m\u00f6chten wir Euch an unseren Aktivit\u00e4ten teilhaben lassen, daher findet Ihr auf dieser Seite einige Berichte mit vielen Informationen und Tipps! Ebenso findet ihr hier die Honiganalysen, damit Ihr auch sicher sein k\u00f6nnt, qualitiv hochwertigen Honig bei uns erwerben zu k\u00f6nnen!Berichte 1. Ein Fr\u00fchjarsbesuch bei den Bienen &nbsp; Ubi apis, ibi salus. [&hellip;]\" \/>\n<meta property=\"og:url\" content=\"https:\/\/www.oly-dorf.de\/en\/imkerei\/berichte-und-honig-analysen\/\" \/>\n<meta property=\"og:site_name\" content=\"Studenten im Olympiazentrum e.V.\" \/>\n<meta property=\"article:modified_time\" content=\"2023-04-06T16:01:47+00:00\" \/>\n<meta name=\"twitter:card\" content=\"summary_large_image\" \/>\n<meta name=\"twitter:label1\" content=\"Est. reading time\" \/>\n\t<meta name=\"twitter:data1\" content=\"4 minutes\" \/>\n<script type=\"application\/ld+json\" class=\"yoast-schema-graph\">{\"@context\":\"https:\/\/schema.org\",\"@graph\":[{\"@type\":\"WebPage\",\"@id\":\"https:\/\/www.oly-dorf.de\/imkerei\/berichte-und-honig-analysen\/\",\"url\":\"https:\/\/www.oly-dorf.de\/imkerei\/berichte-und-honig-analysen\/\",\"name\":\"Berichte und Analysen | Studenten im Olympiazentrum e.V.\",\"isPartOf\":{\"@id\":\"https:\/\/www.oly-dorf.de\/#website\"},\"datePublished\":\"2022-02-03T01:20:15+00:00\",\"dateModified\":\"2023-04-06T16:01:47+00:00\",\"breadcrumb\":{\"@id\":\"https:\/\/www.oly-dorf.de\/imkerei\/berichte-und-honig-analysen\/#breadcrumb\"},\"inLanguage\":\"en-US\",\"potentialAction\":[{\"@type\":\"ReadAction\",\"target\":[\"https:\/\/www.oly-dorf.de\/imkerei\/berichte-und-honig-analysen\/\"]}]},{\"@type\":\"BreadcrumbList\",\"@id\":\"https:\/\/www.oly-dorf.de\/imkerei\/berichte-und-honig-analysen\/#breadcrumb\",\"itemListElement\":[{\"@type\":\"ListItem\",\"position\":1,\"name\":\"Home\",\"item\":\"https:\/\/www.oly-dorf.de\/\"},{\"@type\":\"ListItem\",\"position\":2,\"name\":\"Imkerei\",\"item\":\"https:\/\/www.oly-dorf.de\/imkerei\/\"},{\"@type\":\"ListItem\",\"position\":3,\"name\":\"Berichte und Analysen\"}]},{\"@type\":\"WebSite\",\"@id\":\"https:\/\/www.oly-dorf.de\/#website\",\"url\":\"https:\/\/www.oly-dorf.de\/\",\"name\":\"Studenten im Olympiazentrum e.V.\",\"description\":\"\",\"publisher\":{\"@id\":\"https:\/\/www.oly-dorf.de\/#organization\"},\"potentialAction\":[{\"@type\":\"SearchAction\",\"target\":{\"@type\":\"EntryPoint\",\"urlTemplate\":\"https:\/\/www.oly-dorf.de\/?s={search_term_string}\"},\"query-input\":{\"@type\":\"PropertyValueSpecification\",\"valueRequired\":true,\"valueName\":\"search_term_string\"}}],\"inLanguage\":\"en-US\"},{\"@type\":\"Organization\",\"@id\":\"https:\/\/www.oly-dorf.de\/#organization\",\"name\":\"Olydorf\",\"url\":\"https:\/\/www.oly-dorf.de\/\",\"logo\":{\"@type\":\"ImageObject\",\"inLanguage\":\"en-US\",\"@id\":\"https:\/\/www.oly-dorf.de\/#\/schema\/logo\/image\/\",\"url\":\"https:\/\/www.oly-dorf.de\/wp-content\/uploads\/2022\/05\/Vereinslogo_1024x560.png\",\"contentUrl\":\"https:\/\/www.oly-dorf.de\/wp-content\/uploads\/2022\/05\/Vereinslogo_1024x560.png\",\"width\":1024,\"height\":560,\"caption\":\"Olydorf\"},\"image\":{\"@id\":\"https:\/\/www.oly-dorf.de\/#\/schema\/logo\/image\/\"}}]}<\/script>\n<!-- \/ Yoast SEO plugin. -->","yoast_head_json":{"title":"Berichte und Analysen | Studenten im Olympiazentrum e.V.","robots":{"index":"index","follow":"follow","max-snippet":"max-snippet:-1","max-image-preview":"max-image-preview:large","max-video-preview":"max-video-preview:-1"},"canonical":"https:\/\/www.oly-dorf.de\/en\/imkerei\/berichte-und-honig-analysen\/","og_locale":"en_US","og_type":"article","og_title":"Berichte und Analysen | Studenten im Olympiazentrum e.V.","og_description":"Bienen im OlympNat\u00fcrlich m\u00f6chten wir Euch an unseren Aktivit\u00e4ten teilhaben lassen, daher findet Ihr auf dieser Seite einige Berichte mit vielen Informationen und Tipps! Ebenso findet ihr hier die Honiganalysen, damit Ihr auch sicher sein k\u00f6nnt, qualitiv hochwertigen Honig bei uns erwerben zu k\u00f6nnen!Berichte 1. Ein Fr\u00fchjarsbesuch bei den Bienen &nbsp; Ubi apis, ibi salus. [&hellip;]","og_url":"https:\/\/www.oly-dorf.de\/en\/imkerei\/berichte-und-honig-analysen\/","og_site_name":"Studenten im Olympiazentrum e.V.","article_modified_time":"2023-04-06T16:01:47+00:00","twitter_card":"summary_large_image","twitter_misc":{"Est. reading time":"4 minutes"},"schema":{"@context":"https:\/\/schema.org","@graph":[{"@type":"WebPage","@id":"https:\/\/www.oly-dorf.de\/imkerei\/berichte-und-honig-analysen\/","url":"https:\/\/www.oly-dorf.de\/imkerei\/berichte-und-honig-analysen\/","name":"Berichte und Analysen | Studenten im Olympiazentrum e.V.","isPartOf":{"@id":"https:\/\/www.oly-dorf.de\/#website"},"datePublished":"2022-02-03T01:20:15+00:00","dateModified":"2023-04-06T16:01:47+00:00","breadcrumb":{"@id":"https:\/\/www.oly-dorf.de\/imkerei\/berichte-und-honig-analysen\/#breadcrumb"},"inLanguage":"en-US","potentialAction":[{"@type":"ReadAction","target":["https:\/\/www.oly-dorf.de\/imkerei\/berichte-und-honig-analysen\/"]}]},{"@type":"BreadcrumbList","@id":"https:\/\/www.oly-dorf.de\/imkerei\/berichte-und-honig-analysen\/#breadcrumb","itemListElement":[{"@type":"ListItem","position":1,"name":"Home","item":"https:\/\/www.oly-dorf.de\/"},{"@type":"ListItem","position":2,"name":"Imkerei","item":"https:\/\/www.oly-dorf.de\/imkerei\/"},{"@type":"ListItem","position":3,"name":"Berichte und Analysen"}]},{"@type":"WebSite","@id":"https:\/\/www.oly-dorf.de\/#website","url":"https:\/\/www.oly-dorf.de\/","name":"Studenten im Olympiazentrum e.V.","description":"","publisher":{"@id":"https:\/\/www.oly-dorf.de\/#organization"},"potentialAction":[{"@type":"SearchAction","target":{"@type":"EntryPoint","urlTemplate":"https:\/\/www.oly-dorf.de\/?s={search_term_string}"},"query-input":{"@type":"PropertyValueSpecification","valueRequired":true,"valueName":"search_term_string"}}],"inLanguage":"en-US"},{"@type":"Organization","@id":"https:\/\/www.oly-dorf.de\/#organization","name":"Olydorf","url":"https:\/\/www.oly-dorf.de\/","logo":{"@type":"ImageObject","inLanguage":"en-US","@id":"https:\/\/www.oly-dorf.de\/#\/schema\/logo\/image\/","url":"https:\/\/www.oly-dorf.de\/wp-content\/uploads\/2022\/05\/Vereinslogo_1024x560.png","contentUrl":"https:\/\/www.oly-dorf.de\/wp-content\/uploads\/2022\/05\/Vereinslogo_1024x560.png","width":1024,"height":560,"caption":"Olydorf"},"image":{"@id":"https:\/\/www.oly-dorf.de\/#\/schema\/logo\/image\/"}}]}},"campaignId":"","_links":{"self":[{"href":"https:\/\/www.oly-dorf.de\/en\/wp-json\/wp\/v2\/pages\/558","targetHints":{"allow":["GET"]}}],"collection":[{"href":"https:\/\/www.oly-dorf.de\/en\/wp-json\/wp\/v2\/pages"}],"about":[{"href":"https:\/\/www.oly-dorf.de\/en\/wp-json\/wp\/v2\/types\/page"}],"author":[{"embeddable":true,"href":"https:\/\/www.oly-dorf.de\/en\/wp-json\/wp\/v2\/users\/8"}],"replies":[{"embeddable":true,"href":"https:\/\/www.oly-dorf.de\/en\/wp-json\/wp\/v2\/comments?post=558"}],"version-history":[{"count":14,"href":"https:\/\/www.oly-dorf.de\/en\/wp-json\/wp\/v2\/pages\/558\/revisions"}],"predecessor-version":[{"id":236664,"href":"https:\/\/www.oly-dorf.de\/en\/wp-json\/wp\/v2\/pages\/558\/revisions\/236664"}],"up":[{"embeddable":true,"href":"https:\/\/www.oly-dorf.de\/en\/wp-json\/wp\/v2\/pages\/132"}],"wp:attachment":[{"href":"https:\/\/www.oly-dorf.de\/en\/wp-json\/wp\/v2\/media?parent=558"}],"curies":[{"name":"wp","href":"https:\/\/api.w.org\/{rel}","templated":true}]}}